{"id":35545,"date":"2023-01-16T01:39:54","date_gmt":"2023-01-16T00:39:54","guid":{"rendered":"http:\/\/expateuropa.com\/bize-ulasin\/"},"modified":"2023-03-08T19:18:48","modified_gmt":"2023-03-08T18:18:48","slug":"bize-ulasin","status":"publish","type":"page","link":"https:\/\/expateuropa.com\/tr\/bize-ulasin\/","title":{"rendered":"Bize Ula\u015f\u0131n"},"content":{"rendered":"\n\n\n\n<h2 class=\"gb-headline gb-headline-6811f4b5 gb-headline-text\">Bize bir sat\u0131r b\u0131rak\u0131n<\/h2>\n\n\n\n<p>Bize bir e-posta g\u00f6nderin, temsilcilerimizden biri k\u0131sa s\u00fcre i\u00e7inde size geri d\u00f6necektir.  <\/p>\n\n\n\n<p class=\"gb-headline gb-headline-18d2a239\"><span class=\"gb-icon\"><svg xmlns=\"http:\/\/www.w3.org\/2000\/svg\" viewbox=\"0 0 512 512\" width=\"1em\" height=\"1em\" aria-hidden=\"true\"><path d=\"M464 64H48C21.49 64 0 85.49 0 112v288c0 26.51 21.49 48 48 48h416c26.51 0 48-21.49 48-48V112c0-26.51-21.49-48-48-48zm0 48v40.805c-22.422 18.259-58.168 46.651-134.587 106.49-16.841 13.247-50.201 45.072-73.413 44.701-23.208.375-56.579-31.459-73.413-44.701C106.18 199.465 70.425 171.067 48 152.805V112h416zM48 400V214.398c22.914 18.251 55.409 43.862 104.938 82.646 21.857 17.205 60.134 55.186 103.062 54.955 42.717.231 80.509-37.199 103.053-54.947 49.528-38.783 82.032-64.401 104.947-82.653V400H48z\" fill=\"currentColor\"><\/path><\/svg><\/span><span class=\"gb-headline-text\"><a href=\"mailto:post@norwayseo.com\">post@norwayseo.com<\/a><\/span><\/p>\n\n\n\n\n\n<h2 class=\"wp-block-heading\">Hakk\u0131m\u0131zda<\/h2>\n\n\n\n<p>Avrupa&#8217;da hareket halinde olanlar i\u00e7in expat blogumuza ho\u015f geldiniz! Bizler, yeni bir \u00fclkeye ta\u015f\u0131nma s\u00fcrecinden ge\u00e7mi\u015f ve bunun beraberinde getirdi\u011fi zorluklar\u0131 anlayan deneyimli gurbet\u00e7ilerden olu\u015fan bir ekibiz.<\/p>\n\n\n\n<p>Amac\u0131m\u0131z, \u00f6\u011frenci, emekli, i\u015f\u00e7i veya ba\u015fka bir \u015fey olun, Avrupa&#8217;ya veya Avrupa i\u00e7inde ta\u015f\u0131nmak isteyen herkes i\u00e7in kapsaml\u0131 bir kaynak sa\u011flamakt\u0131r. Blogumuzda, do\u011fru konutu bulmaktan mobil abonelikler edinmeye ve yeni \u00fclkenizdeki \u0131s\u0131tma sistemlerini anlamaya kadar her konuda de\u011ferli bilgiler ve ipu\u00e7lar\u0131 bulacaks\u0131n\u0131z.<\/p>\n\n\n\n<p>Yeni bir \u00fclkeye ta\u015f\u0131nman\u0131n bunalt\u0131c\u0131 olabilece\u011finin fark\u0131nday\u0131z ve bu s\u00fcreci m\u00fcmk\u00fcn oldu\u011funca sorunsuz ve stressiz hale getirmek istiyoruz. Bu nedenle, k\u00fclt\u00fcrel farkl\u0131l\u0131klar, dil engelleri ve evrak gereksinimleri de dahil olmak \u00fczere g\u00f6\u00e7men ya\u015fam\u0131n\u0131n \u00e7e\u015fitli y\u00f6nleri hakk\u0131nda do\u011fru ve g\u00fcncel bilgiler sa\u011flamaya \u00e7al\u0131\u015f\u0131yoruz.<\/p>\n\n\n\n<p>Blogumuz sadece ilk kez ta\u015f\u0131nacak olanlar i\u00e7in de\u011fil, ayn\u0131 zamanda Avrupa&#8217;ya yerle\u015fmi\u015f olup k\u0131ta i\u00e7inde ta\u015f\u0131nmak isteyenler i\u00e7in de haz\u0131rlanm\u0131\u015ft\u0131r. Size farkl\u0131 \u00fclkelerde bulunan konut, i\u015f ve di\u011fer kaynaklar hakk\u0131nda en son bilgileri sa\u011flayaca\u011f\u0131z.<\/p>\n\n\n\n<p>Bilgi sa\u011flaman\u0131n yan\u0131 s\u0131ra, gurbet\u00e7ilerin ba\u011flant\u0131 kurabilece\u011fi ve deneyimlerini payla\u015fabilece\u011fi bir topluluk da olu\u015fturmak istiyoruz. Okurlar\u0131m\u0131z\u0131 yorum b\u0131rakmaya ve kendi ipu\u00e7lar\u0131n\u0131 ve tavsiyelerini payla\u015fmaya te\u015fvik ediyoruz.<\/p>\n\n\n\n<p>Blogumuzu s\u00fcrekli olarak yeni bilgi ve kaynaklarla g\u00fcncelliyoruz, bu nedenle s\u0131k s\u0131k tekrar kontrol etti\u011finizden emin olun. Ziyaretiniz i\u00e7in te\u015fekk\u00fcr eder, Avrupa&#8217;ya veya Avrupa i\u00e7inde ta\u015f\u0131nma s\u00fcrecinizde blogumuzu faydal\u0131 bulaca\u011f\u0131n\u0131z\u0131 umar\u0131z.<\/p>\n\n","protected":false},"excerpt":{"rendered":"","protected":false},"author":2,"featured_media":0,"parent":0,"menu_order":0,"comment_status":"closed","ping_status":"closed","template":"template-contact-page.php","meta":{"footnotes":""},"class_list":["post-35545","page","type-page","status-publish","hentry"],"_links":{"self":[{"href":"https:\/\/expateuropa.com\/tr\/wp-json\/wp\/v2\/pages\/35545","targetHints":{"allow":["GET"]}}],"collection":[{"href":"https:\/\/expateuropa.com\/tr\/wp-json\/wp\/v2\/pages"}],"about":[{"href":"https:\/\/expateuropa.com\/tr\/wp-json\/wp\/v2\/types\/page"}],"author":[{"embeddable":true,"href":"https:\/\/expateuropa.com\/tr\/wp-json\/wp\/v2\/users\/2"}],"replies":[{"embeddable":true,"href":"https:\/\/expateuropa.com\/tr\/wp-json\/wp\/v2\/comments?post=35545"}],"version-history":[{"count":0,"href":"https:\/\/expateuropa.com\/tr\/wp-json\/wp\/v2\/pages\/35545\/revisions"}],"wp:attachment":[{"href":"https:\/\/expateuropa.com\/tr\/wp-json\/wp\/v2\/media?parent=35545"}],"curies":[{"name":"wp","href":"https:\/\/api.w.org\/{rel}","templated":true}]}}