{"id":35504,"date":"2023-01-16T01:39:54","date_gmt":"2023-01-16T00:39:54","guid":{"rendered":"http:\/\/expateuropa.com\/kontakta-oss-2\/"},"modified":"2023-03-08T19:18:48","modified_gmt":"2023-03-08T18:18:48","slug":"kontakta-oss-2","status":"publish","type":"page","link":"https:\/\/expateuropa.com\/sv\/kontakta-oss-2\/","title":{"rendered":"Kontakta oss"},"content":{"rendered":"\n\n\n\n<h2 class=\"gb-headline gb-headline-6811f4b5 gb-headline-text\">Skicka en rad till oss<\/h2>\n\n\n\n<p>Skicka ett e-postmeddelande till oss s\u00e5 kommer en av v\u00e5ra representanter att \u00e5terkomma till dig inom kort.  <\/p>\n\n\n\n<p class=\"gb-headline gb-headline-18d2a239\"><span class=\"gb-icon\"><svg xmlns=\"http:\/\/www.w3.org\/2000\/svg\" viewbox=\"0 0 512 512\" width=\"1em\" height=\"1em\" aria-hidden=\"true\"><path d=\"M464 64H48C21.49 64 0 85.49 0 112v288c0 26.51 21.49 48 48 48h416c26.51 0 48-21.49 48-48V112c0-26.51-21.49-48-48-48zm0 48v40.805c-22.422 18.259-58.168 46.651-134.587 106.49-16.841 13.247-50.201 45.072-73.413 44.701-23.208.375-56.579-31.459-73.413-44.701C106.18 199.465 70.425 171.067 48 152.805V112h416zM48 400V214.398c22.914 18.251 55.409 43.862 104.938 82.646 21.857 17.205 60.134 55.186 103.062 54.955 42.717.231 80.509-37.199 103.053-54.947 49.528-38.783 82.032-64.401 104.947-82.653V400H48z\" fill=\"currentColor\"><\/path><\/svg><\/span><span class=\"gb-headline-text\"><a href=\"mailto:post@norwayseo.com\">post@norwayseo.com<\/a><\/span><\/p>\n\n\n\n\n\n<h2 class=\"wp-block-heading\">Om oss<\/h2>\n\n\n\n<p>V\u00e4lkommen till v\u00e5r expatblogg f\u00f6r dig som \u00e4r p\u00e5 v\u00e4g till Europa! Vi \u00e4r ett team av erfarna utl\u00e4nningar som har g\u00e5tt igenom processen att flytta till ett nytt land och f\u00f6rst\u00e5r de utmaningar som f\u00f6ljer med det.<\/p>\n\n\n\n<p>V\u00e5rt m\u00e5l \u00e4r att tillhandah\u00e5lla en omfattande resurs f\u00f6r alla som vill flytta till eller inom Europa, oavsett om du \u00e4r student, pension\u00e4r, arbetstagare eller n\u00e5got annat. P\u00e5 v\u00e5r blogg hittar du v\u00e4rdefull information och tips om allt fr\u00e5n att hitta r\u00e4tt bostad till att skaffa mobilabonnemang och f\u00f6rst\u00e5 v\u00e4rmesystemen i ditt nya land.<\/p>\n\n\n\n<p>Vi f\u00f6rst\u00e5r att det kan vara \u00f6verv\u00e4ldigande att flytta till ett nytt land, och vi vill g\u00f6ra processen s\u00e5 smidig och stressfri som m\u00f6jligt. D\u00e4rf\u00f6r str\u00e4var vi efter att tillhandah\u00e5lla korrekt och aktuell information om olika aspekter av livet som utlandsboende, inklusive kulturella skillnader, spr\u00e5kbarri\u00e4rer och pappersarbete.<\/p>\n\n\n\n<p>V\u00e5r blogg v\u00e4nder sig inte bara till dem som flyttar f\u00f6r f\u00f6rsta g\u00e5ngen, utan \u00e4ven till dem som redan har bosatt sig i Europa men vill flytta inom kontinenten. Vi ger dig den senaste informationen om bost\u00e4der, jobb och andra resurser som finns i olika l\u00e4nder.<\/p>\n\n\n\n<p>F\u00f6rutom att tillhandah\u00e5lla information vill vi ocks\u00e5 skapa en gemenskap d\u00e4r utl\u00e4nningar kan knyta kontakter och dela med sig av sina erfarenheter. Vi uppmuntrar v\u00e5ra l\u00e4sare att l\u00e4mna kommentarer och dela med sig av sina egna tips och r\u00e5d.<\/p>\n\n\n\n<p>Vi uppdaterar hela tiden v\u00e5r blogg med ny information och nya resurser, s\u00e5 se till att komma tillbaka ofta. Tack f\u00f6r att du bes\u00f6ker oss och vi hoppas att du finner v\u00e5r blogg anv\u00e4ndbar n\u00e4r du navigerar din flytt till eller inom Europa.<\/p>\n\n","protected":false},"excerpt":{"rendered":"","protected":false},"author":2,"featured_media":0,"parent":0,"menu_order":0,"comment_status":"closed","ping_status":"closed","template":"template-contact-page.php","meta":{"footnotes":""},"class_list":["post-35504","page","type-page","status-publish","hentry"],"_links":{"self":[{"href":"https:\/\/expateuropa.com\/sv\/wp-json\/wp\/v2\/pages\/35504","targetHints":{"allow":["GET"]}}],"collection":[{"href":"https:\/\/expateuropa.com\/sv\/wp-json\/wp\/v2\/pages"}],"about":[{"href":"https:\/\/expateuropa.com\/sv\/wp-json\/wp\/v2\/types\/page"}],"author":[{"embeddable":true,"href":"https:\/\/expateuropa.com\/sv\/wp-json\/wp\/v2\/users\/2"}],"replies":[{"embeddable":true,"href":"https:\/\/expateuropa.com\/sv\/wp-json\/wp\/v2\/comments?post=35504"}],"version-history":[{"count":0,"href":"https:\/\/expateuropa.com\/sv\/wp-json\/wp\/v2\/pages\/35504\/revisions"}],"wp:attachment":[{"href":"https:\/\/expateuropa.com\/sv\/wp-json\/wp\/v2\/media?parent=35504"}],"curies":[{"name":"wp","href":"https:\/\/api.w.org\/{rel}","templated":true}]}}