{"id":35505,"date":"2023-01-16T01:39:54","date_gmt":"2023-01-16T00:39:54","guid":{"rendered":"http:\/\/expateuropa.com\/contactati-ne\/"},"modified":"2023-03-08T19:18:48","modified_gmt":"2023-03-08T18:18:48","slug":"contactati-ne","status":"publish","type":"page","link":"https:\/\/expateuropa.com\/ro\/contactati-ne\/","title":{"rendered":"Contacta\u021bi-ne"},"content":{"rendered":"\n\n\n\n<h2 class=\"gb-headline gb-headline-6811f4b5 gb-headline-text\">Scrie\u021bi-ne o linie<\/h2>\n\n\n\n<p>Trimite\u021bi-ne un e-mail \u0219i unul dintre reprezentan\u021bii no\u0219tri v\u0103 va contacta \u00een scurt timp.  <\/p>\n\n\n\n<p class=\"gb-headline gb-headline-18d2a239\"><span class=\"gb-icon\"><svg xmlns=\"http:\/\/www.w3.org\/2000\/svg\" viewbox=\"0 0 512 512\" width=\"1em\" height=\"1em\" aria-hidden=\"true\"><path d=\"M464 64H48C21.49 64 0 85.49 0 112v288c0 26.51 21.49 48 48 48h416c26.51 0 48-21.49 48-48V112c0-26.51-21.49-48-48-48zm0 48v40.805c-22.422 18.259-58.168 46.651-134.587 106.49-16.841 13.247-50.201 45.072-73.413 44.701-23.208.375-56.579-31.459-73.413-44.701C106.18 199.465 70.425 171.067 48 152.805V112h416zM48 400V214.398c22.914 18.251 55.409 43.862 104.938 82.646 21.857 17.205 60.134 55.186 103.062 54.955 42.717.231 80.509-37.199 103.053-54.947 49.528-38.783 82.032-64.401 104.947-82.653V400H48z\" fill=\"currentColor\"><\/path><\/svg><\/span><span class=\"gb-headline-text\"><a href=\"mailto:post@norwayseo.com\">post@norwayseo.com<\/a><\/span><\/p>\n\n\n\n\n\n<h2 class=\"wp-block-heading\">Despre noi<\/h2>\n\n\n\n<p>Bine a\u021bi venit pe blogul nostru de expat pentru cei care se deplaseaz\u0103 \u00een Europa! Suntem o echip\u0103 de expatria\u021bi cu experien\u021b\u0103, care au trecut prin procesul de relocare \u00eentr-o \u021bar\u0103 nou\u0103 \u0219i care \u00een\u021beleg provoc\u0103rile pe care acesta le implic\u0103.<\/p>\n\n\n\n<p>Scopul nostru este de a oferi o resurs\u0103 cuprinz\u0103toare pentru to\u021bi cei care doresc s\u0103 se mute \u00een Europa sau \u00een interiorul acesteia, indiferent dac\u0103 sunte\u021bi student, pensionar, muncitor sau altceva. Pe blogul nostru ve\u021bi g\u0103si informa\u021bii \u0219i sfaturi valoroase despre orice, de la g\u0103sirea unei locuin\u021be potrivite, p\u00e2n\u0103 la ob\u021binerea unui abonament de telefonie mobil\u0103 \u0219i \u00een\u021belegerea sistemelor de \u00eenc\u0103lzire din noua dumneavoastr\u0103 \u021bar\u0103.<\/p>\n\n\n\n<p>\u00cen\u021belegem c\u0103 mutarea \u00eentr-o \u021bar\u0103 nou\u0103 poate fi cople\u0219itoare \u0219i dorim s\u0103 facem ca procesul s\u0103 fie c\u00e2t mai u\u0219or \u0219i mai lipsit de stres posibil. De aceea, ne str\u0103duim s\u0103 oferim informa\u021bii exacte \u0219i actualizate despre diversele aspecte ale vie\u021bii de expat, inclusiv despre diferen\u021bele culturale, barierele lingvistice \u0219i documentele necesare.<\/p>\n\n\n\n<p>Blogul nostru nu se adreseaz\u0103 doar celor care se mut\u0103 pentru prima dat\u0103, ci \u0219i celor care sunt deja stabili\u021bi \u00een Europa \u0219i doresc s\u0103 se mute \u00een interiorul continentului. V\u0103 vom oferi cele mai recente informa\u021bii despre locuin\u021be, locuri de munc\u0103 \u0219i alte resurse disponibile \u00een diferite \u021b\u0103ri.<\/p>\n\n\n\n<p>Pe l\u00e2ng\u0103 faptul c\u0103 oferim informa\u021bii, dorim s\u0103 cre\u0103m o comunitate \u00een care expatria\u021bii s\u0103 se poat\u0103 conecta \u0219i s\u0103 \u00ee\u0219i \u00eemp\u0103rt\u0103\u0219easc\u0103 experien\u021bele. \u00cei \u00eencuraj\u0103m pe cititorii no\u0219tri s\u0103 lase comentarii \u0219i s\u0103 ne \u00eemp\u0103rt\u0103\u0219easc\u0103 propriile sfaturi \u0219i sugestii.<\/p>\n\n\n\n<p>Ne actualiz\u0103m \u00een mod constant blogul cu noi informa\u021bii \u0219i resurse, a\u0219a c\u0103 nu uita\u021bi s\u0103 reveni\u021bi des. V\u0103 mul\u021bumim pentru vizit\u0103 \u0219i sper\u0103m c\u0103 blogul nostru v\u0103 va fi de ajutor \u00een timp ce v\u0103 deplasa\u021bi \u00een Europa sau \u00een interiorul acesteia.<\/p>\n\n","protected":false},"excerpt":{"rendered":"","protected":false},"author":2,"featured_media":0,"parent":0,"menu_order":0,"comment_status":"closed","ping_status":"closed","template":"template-contact-page.php","meta":{"footnotes":""},"class_list":["post-35505","page","type-page","status-publish","hentry"],"_links":{"self":[{"href":"https:\/\/expateuropa.com\/ro\/wp-json\/wp\/v2\/pages\/35505","targetHints":{"allow":["GET"]}}],"collection":[{"href":"https:\/\/expateuropa.com\/ro\/wp-json\/wp\/v2\/pages"}],"about":[{"href":"https:\/\/expateuropa.com\/ro\/wp-json\/wp\/v2\/types\/page"}],"author":[{"embeddable":true,"href":"https:\/\/expateuropa.com\/ro\/wp-json\/wp\/v2\/users\/2"}],"replies":[{"embeddable":true,"href":"https:\/\/expateuropa.com\/ro\/wp-json\/wp\/v2\/comments?post=35505"}],"version-history":[{"count":0,"href":"https:\/\/expateuropa.com\/ro\/wp-json\/wp\/v2\/pages\/35505\/revisions"}],"wp:attachment":[{"href":"https:\/\/expateuropa.com\/ro\/wp-json\/wp\/v2\/media?parent=35505"}],"curies":[{"name":"wp","href":"https:\/\/api.w.org\/{rel}","templated":true}]}}