{"id":37563,"date":"2023-01-26T20:40:19","date_gmt":"2023-01-26T19:40:19","guid":{"rendered":"http:\/\/expateuropa.com\/guias\/"},"modified":"2023-01-26T23:08:51","modified_gmt":"2023-01-26T22:08:51","slug":"guias","status":"publish","type":"page","link":"https:\/\/expateuropa.com\/pt-pt\/guias\/","title":{"rendered":"Guias"},"content":{"rendered":"<ul style=\"font-style:normal;font-weight:600;\" class=\"wp-block-latest-posts__list wp-block-latest-posts has-medium-font-size\"><li><div class=\"wp-block-latest-posts__featured-image\"><a href=\"https:\/\/expateuropa.com\/pt-pt\/o-melhor-equipamento-dentario-topo-de-gama-para-os-seus-cuidados-dentarios-na-europa\/\" aria-label=\"Equipamento dent\u00e1rio moderno na Europa para um sorriso saud\u00e1vel\"><img decoding=\"async\" width=\"300\" height=\"225\" src=\"https:\/\/expateuropa.com\/wp-content\/uploads\/2023\/05\/erick-tang-Of7fPGRSz_4-unsplash-300x225.jpg\" class=\"attachment-medium size-medium wp-post-image\" alt=\"\" style=\"max-width:225px;max-height:225px;\" srcset=\"https:\/\/expateuropa.com\/wp-content\/uploads\/2023\/05\/erick-tang-Of7fPGRSz_4-unsplash-300x225.jpg 300w, https:\/\/expateuropa.com\/wp-content\/uploads\/2023\/05\/erick-tang-Of7fPGRSz_4-unsplash-1024x768.jpg 1024w, https:\/\/expateuropa.com\/wp-content\/uploads\/2023\/05\/erick-tang-Of7fPGRSz_4-unsplash-768x576.jpg 768w, https:\/\/expateuropa.com\/wp-content\/uploads\/2023\/05\/erick-tang-Of7fPGRSz_4-unsplash-1536x1152.jpg 1536w, https:\/\/expateuropa.com\/wp-content\/uploads\/2023\/05\/erick-tang-Of7fPGRSz_4-unsplash-2048x1536.jpg 2048w\" sizes=\"(max-width: 300px) 100vw, 300px\" \/><\/a><\/div><a class=\"wp-block-latest-posts__post-title\" href=\"https:\/\/expateuropa.com\/pt-pt\/o-melhor-equipamento-dentario-topo-de-gama-para-os-seus-cuidados-dentarios-na-europa\/\">Equipamento dent\u00e1rio moderno na Europa para um sorriso saud\u00e1vel<\/a><div class=\"wp-block-latest-posts__post-excerpt\">Todos nos preocupamos com a nossa apar\u00eancia quando sa\u00edmos de casa. Um sorriso cuidado, com dentes brancos, alinhados e sem dores, ajuda a transmitir confian\u00e7a e a esconder, por momentos, quaisquer problemas pessoais mais profundos. Na Europa, residentes e visitantes beneficiam de cuidados dent\u00e1rios de elevada qualidade, com acesso a tecnologia avan\u00e7ada tanto em cl\u00ednicas&#8230;<\/div><\/li>\n<li><div class=\"wp-block-latest-posts__featured-image\"><a href=\"https:\/\/expateuropa.com\/pt-pt\/como-desclassificar-os-seus-pertences-antes-de-se-mudar-para-um-novo-pais\/\" aria-label=\"Como Desclassificar os seus Pertences antes de se mudar para um novo pa\u00eds\"><img decoding=\"async\" width=\"300\" height=\"199\" src=\"https:\/\/expateuropa.com\/wp-content\/uploads\/2023\/02\/erda-estremera-sxNt9g77PE0-unsplash-300x199.jpg\" class=\"attachment-medium size-medium wp-post-image\" alt=\"Os seus pertences antes de se mudar para um novo pa\u00eds\" style=\"max-width:225px;max-height:225px;\" srcset=\"https:\/\/expateuropa.com\/wp-content\/uploads\/2023\/02\/erda-estremera-sxNt9g77PE0-unsplash-300x199.jpg 300w, https:\/\/expateuropa.com\/wp-content\/uploads\/2023\/02\/erda-estremera-sxNt9g77PE0-unsplash-1024x680.jpg 1024w, https:\/\/expateuropa.com\/wp-content\/uploads\/2023\/02\/erda-estremera-sxNt9g77PE0-unsplash-768x510.jpg 768w, https:\/\/expateuropa.com\/wp-content\/uploads\/2023\/02\/erda-estremera-sxNt9g77PE0-unsplash-1536x1020.jpg 1536w, https:\/\/expateuropa.com\/wp-content\/uploads\/2023\/02\/erda-estremera-sxNt9g77PE0-unsplash-2048x1360.jpg 2048w\" sizes=\"(max-width: 300px) 100vw, 300px\" \/><\/a><\/div><a class=\"wp-block-latest-posts__post-title\" href=\"https:\/\/expateuropa.com\/pt-pt\/como-desclassificar-os-seus-pertences-antes-de-se-mudar-para-um-novo-pais\/\">Como Desclassificar os seus Pertences antes de se mudar para um novo pa\u00eds<\/a><div class=\"wp-block-latest-posts__post-excerpt\">Deslutuar os seus pertences ajuda a diminuir a ansiedade, melhorar a sua apar\u00eancia em sua casa, e faz com que se sinta mais produtivo. Especialmente se est\u00e1 a planear mudar-se para um novo pa\u00eds, declinar o que possui \u00e9 essencial para uma transi\u00e7\u00e3o mais suave para o seu novo lar no estrangeiro. Quando precisar de&#8230;<\/div><\/li>\n<li><div class=\"wp-block-latest-posts__featured-image\"><a href=\"https:\/\/expateuropa.com\/pt-pt\/requisitos-de-visto-para-trabalhar-na-ue\/\" aria-label=\"Requisitos de visto para trabalhar na UE\"><img decoding=\"async\" width=\"300\" height=\"200\" src=\"https:\/\/expateuropa.com\/wp-content\/uploads\/2023\/01\/pexels-nataliya-vaitkevich-7235894-300x200.jpg\" class=\"attachment-medium size-medium wp-post-image\" alt=\"\" style=\"max-width:225px;max-height:225px;\" srcset=\"https:\/\/expateuropa.com\/wp-content\/uploads\/2023\/01\/pexels-nataliya-vaitkevich-7235894-300x200.jpg 300w, https:\/\/expateuropa.com\/wp-content\/uploads\/2023\/01\/pexels-nataliya-vaitkevich-7235894-1024x683.jpg 1024w, https:\/\/expateuropa.com\/wp-content\/uploads\/2023\/01\/pexels-nataliya-vaitkevich-7235894-768x512.jpg 768w, https:\/\/expateuropa.com\/wp-content\/uploads\/2023\/01\/pexels-nataliya-vaitkevich-7235894-1536x1024.jpg 1536w, https:\/\/expateuropa.com\/wp-content\/uploads\/2023\/01\/pexels-nataliya-vaitkevich-7235894-2048x1365.jpg 2048w\" sizes=\"(max-width: 300px) 100vw, 300px\" \/><\/a><\/div><a class=\"wp-block-latest-posts__post-title\" href=\"https:\/\/expateuropa.com\/pt-pt\/requisitos-de-visto-para-trabalhar-na-ue\/\">Requisitos de visto para trabalhar na UE<\/a><div class=\"wp-block-latest-posts__post-excerpt\">A obten\u00e7\u00e3o de um visto de trabalho para entrar na Uni\u00e3o Europeia (UE) como n\u00e3o residente na UE ou como residente na UE pode ser um processo complexo, uma vez que os requisitos e procedimentos variam dependendo do pa\u00eds e do tipo de trabalho que se pretende fazer. Contudo, aqui est\u00e1 um exemplo do processo&#8230;<\/div><\/li>\n<li><div class=\"wp-block-latest-posts__featured-image\"><a href=\"https:\/\/expateuropa.com\/pt-pt\/como-e-onde-comprar-caixas-moveis-eficazmente\/\" aria-label=\"Como e onde comprar caixas m\u00f3veis eficazmente\"><img decoding=\"async\" width=\"300\" height=\"169\" src=\"https:\/\/expateuropa.com\/wp-content\/uploads\/2023\/01\/pexels-ketut-subiyanto-4245992-300x169.jpg\" class=\"attachment-medium size-medium wp-post-image\" alt=\"\" style=\"max-width:225px;max-height:225px;\" srcset=\"https:\/\/expateuropa.com\/wp-content\/uploads\/2023\/01\/pexels-ketut-subiyanto-4245992-300x169.jpg 300w, https:\/\/expateuropa.com\/wp-content\/uploads\/2023\/01\/pexels-ketut-subiyanto-4245992-1024x576.jpg 1024w, https:\/\/expateuropa.com\/wp-content\/uploads\/2023\/01\/pexels-ketut-subiyanto-4245992-768x432.jpg 768w, https:\/\/expateuropa.com\/wp-content\/uploads\/2023\/01\/pexels-ketut-subiyanto-4245992-1536x864.jpg 1536w, https:\/\/expateuropa.com\/wp-content\/uploads\/2023\/01\/pexels-ketut-subiyanto-4245992-2048x1152.jpg 2048w\" sizes=\"(max-width: 300px) 100vw, 300px\" \/><\/a><\/div><a class=\"wp-block-latest-posts__post-title\" href=\"https:\/\/expateuropa.com\/pt-pt\/como-e-onde-comprar-caixas-moveis-eficazmente\/\">Como e onde comprar caixas m\u00f3veis eficazmente<\/a><div class=\"wp-block-latest-posts__post-excerpt\">Est\u00e1 \u00e0 procura de mudar para uma nova casa? Talvez no estrangeiro? Independentemente da dist\u00e2ncia, as caixas m\u00f3veis podem ser incrivelmente \u00fateis e pr\u00e1ticas, para mover praticamente tudo o que possa caber dentro delas. Mas encontrar as caixas adequadas \u00e0 mudan\u00e7a \u00e9 um passo crucial para assegurar que os seus pertences estejam protegidos durante a&#8230;<\/div><\/li>\n<li><div class=\"wp-block-latest-posts__featured-image\"><a href=\"https:\/\/expateuropa.com\/pt-pt\/como-embalar-pratos-para-mudanca\/\" aria-label=\"Como embalar pratos para mudan\u00e7a\"><img decoding=\"async\" width=\"300\" height=\"202\" src=\"https:\/\/expateuropa.com\/wp-content\/uploads\/2023\/01\/pexels-pixabay-46199-300x202.jpg\" class=\"attachment-medium size-medium wp-post-image\" alt=\"\" style=\"max-width:225px;max-height:225px;\" srcset=\"https:\/\/expateuropa.com\/wp-content\/uploads\/2023\/01\/pexels-pixabay-46199-300x202.jpg 300w, https:\/\/expateuropa.com\/wp-content\/uploads\/2023\/01\/pexels-pixabay-46199-1024x689.jpg 1024w, https:\/\/expateuropa.com\/wp-content\/uploads\/2023\/01\/pexels-pixabay-46199-768x517.jpg 768w, https:\/\/expateuropa.com\/wp-content\/uploads\/2023\/01\/pexels-pixabay-46199-1536x1034.jpg 1536w, https:\/\/expateuropa.com\/wp-content\/uploads\/2023\/01\/pexels-pixabay-46199-2048x1378.jpg 2048w\" sizes=\"(max-width: 300px) 100vw, 300px\" \/><\/a><\/div><a class=\"wp-block-latest-posts__post-title\" href=\"https:\/\/expateuropa.com\/pt-pt\/como-embalar-pratos-para-mudanca\/\">Como embalar pratos para mudan\u00e7a<\/a><div class=\"wp-block-latest-posts__post-excerpt\">Muitos propriet\u00e1rios temem mover os seus utens\u00edlios de cozinha, e especialmente os seus pratos. Isto porque a embalagem de pratos requer planeamento e prepara\u00e7\u00e3o cuidadosos para garantir que chegam em seguran\u00e7a \u00e0 sua nova casa, e podem facilmente partir-se se n\u00e3o forem feitos correctamente. Para o ajudar a mover todos os seus artigos de forma&#8230;<\/div><\/li>\n<li><div class=\"wp-block-latest-posts__featured-image\"><a href=\"https:\/\/expateuropa.com\/pt-pt\/como-embalar-livros-para-mudanca\/\" aria-label=\"Como embalar livros para mudan\u00e7a\"><img decoding=\"async\" width=\"300\" height=\"187\" src=\"https:\/\/expateuropa.com\/wp-content\/uploads\/2023\/01\/pexels-dom-j-45717-300x187.jpg\" class=\"attachment-medium size-medium wp-post-image\" alt=\"\" style=\"max-width:225px;max-height:225px;\" srcset=\"https:\/\/expateuropa.com\/wp-content\/uploads\/2023\/01\/pexels-dom-j-45717-300x187.jpg 300w, https:\/\/expateuropa.com\/wp-content\/uploads\/2023\/01\/pexels-dom-j-45717-1024x639.jpg 1024w, https:\/\/expateuropa.com\/wp-content\/uploads\/2023\/01\/pexels-dom-j-45717-768x480.jpg 768w, https:\/\/expateuropa.com\/wp-content\/uploads\/2023\/01\/pexels-dom-j-45717-1536x959.jpg 1536w, https:\/\/expateuropa.com\/wp-content\/uploads\/2023\/01\/pexels-dom-j-45717-2048x1279.jpg 2048w\" sizes=\"(max-width: 300px) 100vw, 300px\" \/><\/a><\/div><a class=\"wp-block-latest-posts__post-title\" href=\"https:\/\/expateuropa.com\/pt-pt\/como-embalar-livros-para-mudanca\/\">Como embalar livros para mudan\u00e7a<\/a><div class=\"wp-block-latest-posts__post-excerpt\">Os livros s\u00e3o pesados e ocupam muito espa\u00e7o. Isto significa que podem ser dif\u00edceis de mover. Mas manter consigo as suas hist\u00f3rias e livros de texto preciosos, \u00e9 uma parte importante para se mover com sucesso e sentir-se em casa assim que chega. Os seus livros tamb\u00e9m podem ser bastante fr\u00e1geis e, portanto, exigir cuidados&#8230;<\/div><\/li>\n<li><div class=\"wp-block-latest-posts__featured-image\"><a href=\"https:\/\/expateuropa.com\/pt-pt\/como-embalar-roupa-para-mudanca\/\" aria-label=\"Como embalar roupa para mudan\u00e7a\"><img decoding=\"async\" width=\"300\" height=\"200\" src=\"https:\/\/expateuropa.com\/wp-content\/uploads\/2023\/01\/pexels-karolina-grabowska-5706277-300x200.jpg\" class=\"attachment-medium size-medium wp-post-image\" alt=\"\" style=\"max-width:225px;max-height:225px;\" srcset=\"https:\/\/expateuropa.com\/wp-content\/uploads\/2023\/01\/pexels-karolina-grabowska-5706277-300x200.jpg 300w, https:\/\/expateuropa.com\/wp-content\/uploads\/2023\/01\/pexels-karolina-grabowska-5706277-1024x683.jpg 1024w, https:\/\/expateuropa.com\/wp-content\/uploads\/2023\/01\/pexels-karolina-grabowska-5706277-768x512.jpg 768w, https:\/\/expateuropa.com\/wp-content\/uploads\/2023\/01\/pexels-karolina-grabowska-5706277-1536x1024.jpg 1536w, https:\/\/expateuropa.com\/wp-content\/uploads\/2023\/01\/pexels-karolina-grabowska-5706277-2048x1365.jpg 2048w\" sizes=\"(max-width: 300px) 100vw, 300px\" \/><\/a><\/div><a class=\"wp-block-latest-posts__post-title\" href=\"https:\/\/expateuropa.com\/pt-pt\/como-embalar-roupa-para-mudanca\/\">Como embalar roupa para mudan\u00e7a<\/a><div class=\"wp-block-latest-posts__post-excerpt\">Empacotar bem todas as suas roupas antes de uma mudan\u00e7a pode levar algum tempo, e para aqueles que t\u00eam muita roupa, at\u00e9 mesmo sentir-se como se tivessem demasiado trabalho. Mas n\u00e3o se preocupe. Com um pouco de prepara\u00e7\u00e3o e organiza\u00e7\u00e3o, pode ter as suas roupas arrumadas e prontas para partir em pouco tempo. Neste post&#8230;<\/div><\/li>\n<li><div class=\"wp-block-latest-posts__featured-image\"><a href=\"https:\/\/expateuropa.com\/pt-pt\/mudanca-para-italia-o-seu-sonho-tornado-realidade\/\" aria-label=\"Mudan\u00e7a para It\u00e1lia: O seu sonho tornado realidade\"><img decoding=\"async\" width=\"300\" height=\"169\" src=\"https:\/\/expateuropa.com\/wp-content\/uploads\/2023\/01\/pexels-pixabay-208701-300x169.jpg\" class=\"attachment-medium size-medium wp-post-image\" alt=\"\" style=\"max-width:225px;max-height:225px;\" srcset=\"https:\/\/expateuropa.com\/wp-content\/uploads\/2023\/01\/pexels-pixabay-208701-300x169.jpg 300w, https:\/\/expateuropa.com\/wp-content\/uploads\/2023\/01\/pexels-pixabay-208701-1024x576.jpg 1024w, https:\/\/expateuropa.com\/wp-content\/uploads\/2023\/01\/pexels-pixabay-208701-768x432.jpg 768w, https:\/\/expateuropa.com\/wp-content\/uploads\/2023\/01\/pexels-pixabay-208701-1536x864.jpg 1536w, https:\/\/expateuropa.com\/wp-content\/uploads\/2023\/01\/pexels-pixabay-208701-2048x1152.jpg 2048w\" sizes=\"(max-width: 300px) 100vw, 300px\" \/><\/a><\/div><a class=\"wp-block-latest-posts__post-title\" href=\"https:\/\/expateuropa.com\/pt-pt\/mudanca-para-italia-o-seu-sonho-tornado-realidade\/\">Mudan\u00e7a para It\u00e1lia: O seu sonho tornado realidade<\/a><div class=\"wp-block-latest-posts__post-excerpt\">Est\u00e1 a considerar mudar-se para It\u00e1lia por raz\u00f5es profissionais, educacionais ou familiares? Ou talvez s\u00f3 porque o pa\u00eds oferece uma grande comida, uma natureza deslumbrante e um clima quente e acolhedor? N\u00e3o importa o qu\u00ea, h\u00e1 certas coisas a ter em mente quando se quer deslocar para It\u00e1lia. Neste artigo vamos cobrir todos os aspectos&#8230;<\/div><\/li>\n<li><div class=\"wp-block-latest-posts__featured-image\"><a href=\"https:\/\/expateuropa.com\/pt-pt\/como-embalar-sapatos-para-mudanca-tudo-o-que-precisa-de-saber\/\" aria-label=\"Como embalar sapatos para mudan\u00e7a &#8211; Tudo o que precisa de saber\"><img decoding=\"async\" width=\"300\" height=\"200\" src=\"https:\/\/expateuropa.com\/wp-content\/uploads\/2023\/01\/pexels-pixabay-267320-300x200.jpg\" class=\"attachment-medium size-medium wp-post-image\" alt=\"\" style=\"max-width:225px;max-height:225px;\" srcset=\"https:\/\/expateuropa.com\/wp-content\/uploads\/2023\/01\/pexels-pixabay-267320-300x200.jpg 300w, https:\/\/expateuropa.com\/wp-content\/uploads\/2023\/01\/pexels-pixabay-267320-1024x683.jpg 1024w, https:\/\/expateuropa.com\/wp-content\/uploads\/2023\/01\/pexels-pixabay-267320-768x512.jpg 768w, https:\/\/expateuropa.com\/wp-content\/uploads\/2023\/01\/pexels-pixabay-267320-1536x1024.jpg 1536w, https:\/\/expateuropa.com\/wp-content\/uploads\/2023\/01\/pexels-pixabay-267320-2048x1365.jpg 2048w\" sizes=\"(max-width: 300px) 100vw, 300px\" \/><\/a><\/div><a class=\"wp-block-latest-posts__post-title\" href=\"https:\/\/expateuropa.com\/pt-pt\/como-embalar-sapatos-para-mudanca-tudo-o-que-precisa-de-saber\/\">Como embalar sapatos para mudan\u00e7a &#8211; Tudo o que precisa de saber<\/a><div class=\"wp-block-latest-posts__post-excerpt\">Embalar sapatos pode ser uma coisa complicada para as pessoas que se deslocam pela primeira vez. H\u00e1 tantos tipos diferentes de sapatos, e todos eles parecem ocupar tanto espa\u00e7o. Ao mesmo tempo, pode ser preocupante saber como embalar os seus sapatos que s\u00e3o valiosos para si, para que n\u00e3o corra o risco de os danificar&#8230;<\/div><\/li>\n<li><div class=\"wp-block-latest-posts__featured-image\"><a href=\"https:\/\/expateuropa.com\/pt-pt\/mudanca-para-portugal-o-guia-definitivo\/\" aria-label=\"Mudan\u00e7a para Portugal: O Guia Definitivo\"><img decoding=\"async\" width=\"300\" height=\"200\" src=\"https:\/\/expateuropa.com\/wp-content\/uploads\/2023\/01\/pexels-lisa-fotios-1534560-300x200.jpg\" class=\"attachment-medium size-medium wp-post-image\" alt=\"\" style=\"max-width:225px;max-height:225px;\" srcset=\"https:\/\/expateuropa.com\/wp-content\/uploads\/2023\/01\/pexels-lisa-fotios-1534560-300x200.jpg 300w, https:\/\/expateuropa.com\/wp-content\/uploads\/2023\/01\/pexels-lisa-fotios-1534560-1024x683.jpg 1024w, https:\/\/expateuropa.com\/wp-content\/uploads\/2023\/01\/pexels-lisa-fotios-1534560-768x512.jpg 768w, https:\/\/expateuropa.com\/wp-content\/uploads\/2023\/01\/pexels-lisa-fotios-1534560-1536x1024.jpg 1536w, https:\/\/expateuropa.com\/wp-content\/uploads\/2023\/01\/pexels-lisa-fotios-1534560-2048x1365.jpg 2048w\" sizes=\"(max-width: 300px) 100vw, 300px\" \/><\/a><\/div><a class=\"wp-block-latest-posts__post-title\" href=\"https:\/\/expateuropa.com\/pt-pt\/mudanca-para-portugal-o-guia-definitivo\/\">Mudan\u00e7a para Portugal: O Guia Definitivo<\/a><div class=\"wp-block-latest-posts__post-excerpt\">Est\u00e1 a considerar mudar-se para o estrangeiro para Portugal? Quer pretenda fazer a mudan\u00e7a voc\u00ea mesmo, quer juntamente com a sua fam\u00edlia ou amigos, Portugal \u00e9 um pa\u00eds fant\u00e1stico que oferece praticamente tudo o que se pode querer. Mas uma decis\u00e3o t\u00e3o grande n\u00e3o deve ser tomada de \u00e2nimo leve. Por conseguinte, j\u00e1 cobrimos algumas&#8230;<\/div><\/li>\n<li><div class=\"wp-block-latest-posts__featured-image\"><a href=\"https:\/\/expateuropa.com\/pt-pt\/mudanca-para-a-irlanda-preparacao-para-a-mudanca-e-instalacao-na-vida-irlandesa\/\" aria-label=\"Mudan\u00e7a para a Irlanda: Prepara\u00e7\u00e3o para a Mudan\u00e7a e Instala\u00e7\u00e3o na Vida Irlandesa\"><img decoding=\"async\" width=\"300\" height=\"169\" src=\"https:\/\/expateuropa.com\/wp-content\/uploads\/2023\/01\/pexels-kelly-2382681-300x169.jpg\" class=\"attachment-medium size-medium wp-post-image\" alt=\"\" style=\"max-width:225px;max-height:225px;\" srcset=\"https:\/\/expateuropa.com\/wp-content\/uploads\/2023\/01\/pexels-kelly-2382681-300x169.jpg 300w, https:\/\/expateuropa.com\/wp-content\/uploads\/2023\/01\/pexels-kelly-2382681-1024x575.jpg 1024w, https:\/\/expateuropa.com\/wp-content\/uploads\/2023\/01\/pexels-kelly-2382681-768x431.jpg 768w, https:\/\/expateuropa.com\/wp-content\/uploads\/2023\/01\/pexels-kelly-2382681-1536x863.jpg 1536w, https:\/\/expateuropa.com\/wp-content\/uploads\/2023\/01\/pexels-kelly-2382681-2048x1150.jpg 2048w\" sizes=\"(max-width: 300px) 100vw, 300px\" \/><\/a><\/div><a class=\"wp-block-latest-posts__post-title\" href=\"https:\/\/expateuropa.com\/pt-pt\/mudanca-para-a-irlanda-preparacao-para-a-mudanca-e-instalacao-na-vida-irlandesa\/\">Mudan\u00e7a para a Irlanda: Prepara\u00e7\u00e3o para a Mudan\u00e7a e Instala\u00e7\u00e3o na Vida Irlandesa<\/a><div class=\"wp-block-latest-posts__post-excerpt\">Esta grande ilha \u00e9 o lar de uma hist\u00f3ria rica, cultura agrad\u00e1vel e alguns destinos naturais verdadeiramente surpreendentes. Mas tamb\u00e9m oferece uma vida confort\u00e1vel para as mais de 7 milh\u00f5es de pessoas que lhe chamam a sua casa. Neste artigo cobriremos tudo o que precisa de saber antes de se mudar ou mudar para a&#8230;<\/div><\/li>\n<li><div class=\"wp-block-latest-posts__featured-image\"><a href=\"https:\/\/expateuropa.com\/pt-pt\/a-lista-de-controlo-essencial-para-a-mudanca-para-espanha\/\" aria-label=\"A lista de controlo essencial para a mudan\u00e7a para Espanha\"><img decoding=\"async\" width=\"300\" height=\"200\" src=\"https:\/\/expateuropa.com\/wp-content\/uploads\/2023\/01\/pexels-aleksandar-pasaric-1388030-300x200.jpg\" class=\"attachment-medium size-medium wp-post-image\" alt=\"\" style=\"max-width:225px;max-height:225px;\" srcset=\"https:\/\/expateuropa.com\/wp-content\/uploads\/2023\/01\/pexels-aleksandar-pasaric-1388030-300x200.jpg 300w, https:\/\/expateuropa.com\/wp-content\/uploads\/2023\/01\/pexels-aleksandar-pasaric-1388030-1024x683.jpg 1024w, https:\/\/expateuropa.com\/wp-content\/uploads\/2023\/01\/pexels-aleksandar-pasaric-1388030-768x512.jpg 768w, https:\/\/expateuropa.com\/wp-content\/uploads\/2023\/01\/pexels-aleksandar-pasaric-1388030-1536x1024.jpg 1536w, https:\/\/expateuropa.com\/wp-content\/uploads\/2023\/01\/pexels-aleksandar-pasaric-1388030-2048x1365.jpg 2048w\" sizes=\"(max-width: 300px) 100vw, 300px\" \/><\/a><\/div><a class=\"wp-block-latest-posts__post-title\" href=\"https:\/\/expateuropa.com\/pt-pt\/a-lista-de-controlo-essencial-para-a-mudanca-para-espanha\/\">A lista de controlo essencial para a mudan\u00e7a para Espanha<\/a><div class=\"wp-block-latest-posts__post-excerpt\">A Espanha \u00e9 um pa\u00eds muito popular para expatriados que procuram obter uma alta qualidade de vida, um clima agrad\u00e1vel e muita boa comida. Mas a mudan\u00e7a para outro pa\u00eds pode ser um feito incrivelmente desafiante, especialmente para aqueles que ainda n\u00e3o vivem num pa\u00eds que \u00e9 membro da Uni\u00e3o Europeia. Hoje estamos a examinar&#8230;<\/div><\/li>\n<li><div class=\"wp-block-latest-posts__featured-image\"><a href=\"https:\/\/expateuropa.com\/pt-pt\/mudanca-para-a-alemanha-o-guia-completo\/\" aria-label=\"Mudan\u00e7a para a Alemanha: O guia completo\"><img decoding=\"async\" width=\"300\" height=\"169\" src=\"https:\/\/expateuropa.com\/wp-content\/uploads\/2023\/01\/pexels-kai-pilger-591383-300x169.jpg\" class=\"attachment-medium size-medium wp-post-image\" alt=\"\" style=\"max-width:225px;max-height:225px;\" srcset=\"https:\/\/expateuropa.com\/wp-content\/uploads\/2023\/01\/pexels-kai-pilger-591383-300x169.jpg 300w, https:\/\/expateuropa.com\/wp-content\/uploads\/2023\/01\/pexels-kai-pilger-591383-1024x576.jpg 1024w, https:\/\/expateuropa.com\/wp-content\/uploads\/2023\/01\/pexels-kai-pilger-591383-768x432.jpg 768w, https:\/\/expateuropa.com\/wp-content\/uploads\/2023\/01\/pexels-kai-pilger-591383-1536x864.jpg 1536w, https:\/\/expateuropa.com\/wp-content\/uploads\/2023\/01\/pexels-kai-pilger-591383-2048x1152.jpg 2048w\" sizes=\"(max-width: 300px) 100vw, 300px\" \/><\/a><\/div><a class=\"wp-block-latest-posts__post-title\" href=\"https:\/\/expateuropa.com\/pt-pt\/mudanca-para-a-alemanha-o-guia-completo\/\">Mudan\u00e7a para a Alemanha: O guia completo<\/a><div class=\"wp-block-latest-posts__post-excerpt\">A Alemanha \u00e9 um pa\u00eds de grandes oportunidades e diversidade, quer se pretenda iniciar uma nova carreira, estudar, ou simplesmente experimentar uma nova cultura. No entanto, mudar para um novo pa\u00eds pode ser uma tarefa assustadora, com muitas coisas diferentes a considerar. Para que a transi\u00e7\u00e3o seja t\u00e3o suave quanto poss\u00edvel, \u00e9 necess\u00e1rio estar informado&#8230;<\/div><\/li>\n<\/ul>\n<p>A nossa colec\u00e7\u00e3o de guias est\u00e1 aqui para tornar a sua mudan\u00e7a para a Europa ou dentro da Europa o mais perfeita poss\u00edvel. No interior, encontrar\u00e1 uma variedade de artigos &#8220;como fazer&#8221; sobre t\u00f3picos essenciais, tais como encontrar a habita\u00e7\u00e3o perfeita, estabelecer subscri\u00e7\u00f5es m\u00f3veis e compreender os sistemas de aquecimento no seu novo pa\u00eds. Pesquis\u00e1mos e compil\u00e1mos esta informa\u00e7\u00e3o para assegurar que \u00e9 precisa, actualizada e f\u00e1cil de compreender.<\/p>\n\n<p>Compreendemos que cada indiv\u00edduo tem prioridades e necessidades diferentes, quer seja estudante, reformado ou trabalhador. A nossa colec\u00e7\u00e3o de guias destina-se a todos os tipos de pessoas, fornecendo os conhecimentos e recursos necess\u00e1rios para tornar a sua transi\u00e7\u00e3o t\u00e3o suave quanto poss\u00edvel.<\/p>\n\n<p>Esperamos que a nossa colec\u00e7\u00e3o de guias se revele \u00fatil e informativa para si. Se tiver mais alguma quest\u00e3o ou sugest\u00e3o, n\u00e3o hesite em contactar-nos. Desejando-lhe a melhor das sortes na sua viagem para a sua nova casa!<\/p>\n","protected":false},"excerpt":{"rendered":"<p>A nossa colec\u00e7\u00e3o de guias est\u00e1 aqui para tornar a sua mudan\u00e7a para a Europa&#8230;<\/p>\n","protected":false},"author":3,"featured_media":0,"parent":0,"menu_order":0,"comment_status":"closed","ping_status":"closed","template":"","meta":{"footnotes":""},"class_list":["post-37563","page","type-page","status-publish","hentry"],"_links":{"self":[{"href":"https:\/\/expateuropa.com\/pt-pt\/wp-json\/wp\/v2\/pages\/37563","targetHints":{"allow":["GET"]}}],"collection":[{"href":"https:\/\/expateuropa.com\/pt-pt\/wp-json\/wp\/v2\/pages"}],"about":[{"href":"https:\/\/expateuropa.com\/pt-pt\/wp-json\/wp\/v2\/types\/page"}],"author":[{"embeddable":true,"href":"https:\/\/expateuropa.com\/pt-pt\/wp-json\/wp\/v2\/users\/3"}],"replies":[{"embeddable":true,"href":"https:\/\/expateuropa.com\/pt-pt\/wp-json\/wp\/v2\/comments?post=37563"}],"version-history":[{"count":0,"href":"https:\/\/expateuropa.com\/pt-pt\/wp-json\/wp\/v2\/pages\/37563\/revisions"}],"wp:attachment":[{"href":"https:\/\/expateuropa.com\/pt-pt\/wp-json\/wp\/v2\/media?parent=37563"}],"curies":[{"name":"wp","href":"https:\/\/api.w.org\/{rel}","templated":true}]}}