{"id":35541,"date":"2023-01-16T01:39:54","date_gmt":"2023-01-16T00:39:54","guid":{"rendered":"http:\/\/expateuropa.com\/contacte-nos\/"},"modified":"2023-03-08T19:18:48","modified_gmt":"2023-03-08T18:18:48","slug":"contacte-nos","status":"publish","type":"page","link":"https:\/\/expateuropa.com\/pt-pt\/contacte-nos\/","title":{"rendered":"Contacte-nos"},"content":{"rendered":"\n\n\n\n<h2 class=\"gb-headline gb-headline-6811f4b5 gb-headline-text\">Deixe-nos uma linha<\/h2>\n\n\n\n<p>Envie-nos um e-mail e um dos nossos representantes entrar\u00e1 em contacto consigo em breve.  <\/p>\n\n\n\n<p class=\"gb-headline gb-headline-18d2a239\"><span class=\"gb-icon\"><svg xmlns=\"http:\/\/www.w3.org\/2000\/svg\" viewbox=\"0 0 512 512\" width=\"1em\" height=\"1em\" aria-hidden=\"true\"><path d=\"M464 64H48C21.49 64 0 85.49 0 112v288c0 26.51 21.49 48 48 48h416c26.51 0 48-21.49 48-48V112c0-26.51-21.49-48-48-48zm0 48v40.805c-22.422 18.259-58.168 46.651-134.587 106.49-16.841 13.247-50.201 45.072-73.413 44.701-23.208.375-56.579-31.459-73.413-44.701C106.18 199.465 70.425 171.067 48 152.805V112h416zM48 400V214.398c22.914 18.251 55.409 43.862 104.938 82.646 21.857 17.205 60.134 55.186 103.062 54.955 42.717.231 80.509-37.199 103.053-54.947 49.528-38.783 82.032-64.401 104.947-82.653V400H48z\" fill=\"currentColor\"><\/path><\/svg><\/span><span class=\"gb-headline-text\"><a href=\"mailto:post@norwayseo.com\">post@norwayseo.com<\/a><\/span><\/p>\n\n\n\n\n\n<h2 class=\"wp-block-heading\">Sobre n\u00f3s<\/h2>\n\n\n\n<p>Bem-vindo ao nosso blogue expatriado para quem est\u00e1 em movimento na Europa! Somos uma equipa de expatriados experientes que passaram pelo processo de relocaliza\u00e7\u00e3o para um novo pa\u00eds e compreendem os desafios que lhe s\u00e3o colocados.<\/p>\n\n\n\n<p>O nosso objectivo \u00e9 fornecer um recurso abrangente para qualquer pessoa que pretenda mudar-se para a Europa ou dentro dela, quer seja estudante, reformado, trabalhador ou qualquer outra coisa. No nosso blogue, encontrar\u00e1 informa\u00e7\u00f5es e dicas valiosas sobre tudo, desde encontrar a habita\u00e7\u00e3o adequada, \u00e0 obten\u00e7\u00e3o de assinaturas m\u00f3veis e \u00e0 compreens\u00e3o dos sistemas de aquecimento no seu novo pa\u00eds.<\/p>\n\n\n\n<p>Compreendemos que a mudan\u00e7a para um novo pa\u00eds pode ser esmagadora, e queremos tornar o processo t\u00e3o suave e sem stress quanto poss\u00edvel. \u00c9 por isso que nos esfor\u00e7amos por fornecer informa\u00e7\u00f5es precisas e actualizadas sobre os v\u00e1rios aspectos da vida expatriada, incluindo diferen\u00e7as culturais, barreiras lingu\u00edsticas, e requisitos de papelada.<\/p>\n\n\n\n<p>O nosso blog n\u00e3o \u00e9 apenas para aqueles que se deslocam pela primeira vez, mas tamb\u00e9m para aqueles que j\u00e1 est\u00e3o estabelecidos na Europa, mas que procuram deslocar-se dentro do continente. Fornecer-lhe-emos as \u00faltimas informa\u00e7\u00f5es sobre habita\u00e7\u00e3o, empregos, e outros recursos dispon\u00edveis em diferentes pa\u00edses.<\/p>\n\n\n\n<p>Para al\u00e9m de fornecer informa\u00e7\u00e3o, queremos tamb\u00e9m criar uma comunidade onde os expatriados se possam ligar e partilhar as suas experi\u00eancias. Encorajamos os nossos leitores a deixar coment\u00e1rios e a partilhar as suas pr\u00f3prias dicas e conselhos.<\/p>\n\n\n\n<p>Estamos constantemente a actualizar o nosso blogue com novas informa\u00e7\u00f5es e recursos, por isso n\u00e3o deixe de verificar com frequ\u00eancia. Obrigado pela sua visita e esperamos que considere o nosso blog \u00fatil enquanto navega na sua mudan\u00e7a para ou dentro da Europa.<\/p>\n\n","protected":false},"excerpt":{"rendered":"","protected":false},"author":2,"featured_media":0,"parent":0,"menu_order":0,"comment_status":"closed","ping_status":"closed","template":"template-contact-page.php","meta":{"footnotes":""},"class_list":["post-35541","page","type-page","status-publish","hentry"],"_links":{"self":[{"href":"https:\/\/expateuropa.com\/pt-pt\/wp-json\/wp\/v2\/pages\/35541","targetHints":{"allow":["GET"]}}],"collection":[{"href":"https:\/\/expateuropa.com\/pt-pt\/wp-json\/wp\/v2\/pages"}],"about":[{"href":"https:\/\/expateuropa.com\/pt-pt\/wp-json\/wp\/v2\/types\/page"}],"author":[{"embeddable":true,"href":"https:\/\/expateuropa.com\/pt-pt\/wp-json\/wp\/v2\/users\/2"}],"replies":[{"embeddable":true,"href":"https:\/\/expateuropa.com\/pt-pt\/wp-json\/wp\/v2\/comments?post=35541"}],"version-history":[{"count":0,"href":"https:\/\/expateuropa.com\/pt-pt\/wp-json\/wp\/v2\/pages\/35541\/revisions"}],"wp:attachment":[{"href":"https:\/\/expateuropa.com\/pt-pt\/wp-json\/wp\/v2\/media?parent=35541"}],"curies":[{"name":"wp","href":"https:\/\/api.w.org\/{rel}","templated":true}]}}