{"id":35524,"date":"2023-01-16T01:39:54","date_gmt":"2023-01-16T00:39:54","guid":{"rendered":"http:\/\/expateuropa.com\/kontakt-oss-2\/"},"modified":"2023-03-08T19:18:48","modified_gmt":"2023-03-08T18:18:48","slug":"kontakt-oss-2","status":"publish","type":"page","link":"https:\/\/expateuropa.com\/no\/kontakt-oss-2\/","title":{"rendered":"Kontakt oss"},"content":{"rendered":"\n\n\n\n<h2 class=\"gb-headline gb-headline-6811f4b5 gb-headline-text\">Send oss en linje<\/h2>\n\n\n\n<p>Send oss en e-post og en av v\u00e5re representanter vil komme tilbake til deg innen kort tid. <\/p>\n\n\n\n<p class=\"gb-headline gb-headline-18d2a239\"><span class=\"gb-icon\"><svg xmlns=\"http:\/\/www.w3.org\/2000\/svg\" viewbox=\"0 0 512 512\" width=\"1em\" height=\"1em\" aria-hidden=\"true\"><path d=\"M464 64H48C21.49 64 0 85.49 0 112v288c0 26.51 21.49 48 48 48h416c26.51 0 48-21.49 48-48V112c0-26.51-21.49-48-48-48zm0 48v40.805c-22.422 18.259-58.168 46.651-134.587 106.49-16.841 13.247-50.201 45.072-73.413 44.701-23.208.375-56.579-31.459-73.413-44.701C106.18 199.465 70.425 171.067 48 152.805V112h416zM48 400V214.398c22.914 18.251 55.409 43.862 104.938 82.646 21.857 17.205 60.134 55.186 103.062 54.955 42.717.231 80.509-37.199 103.053-54.947 49.528-38.783 82.032-64.401 104.947-82.653V400H48z\" fill=\"currentColor\"><\/path><\/svg><\/span><span class=\"gb-headline-text\"><a href=\"mailto:post@norwayseo.com\">post@norwayseo.com<\/a><\/span><\/p>\n\n\n\n\n\n<h2 class=\"wp-block-heading\">Om oss<\/h2>\n\n\n\n<p>Velkommen til v\u00e5r expat-blogg for de som er p\u00e5 farten i Europa! Vi er et team av erfarne expats som har g\u00e5tt gjennom prosessen med \u00e5 flytte til et nytt land og forst\u00e5r utfordringene som f\u00f8lger med det.<\/p>\n\n\n\n<p>V\u00e5rt m\u00e5l er \u00e5 tilby en omfattende ressurs for alle som \u00f8nsker \u00e5 flytte til eller innenfor Europa, enten du er student, pensjonist, arbeider eller noe annet. P\u00e5 bloggen v\u00e5r finner du verdifull informasjon og tips om alt fra \u00e5 finne riktig bolig, til \u00e5 skaffe mobilabonnement og forst\u00e5 varmesystemene i ditt nye land.<\/p>\n\n\n\n<p>Vi forst\u00e5r at det kan v\u00e6re overveldende \u00e5 flytte til et nytt land, og vi \u00f8nsker \u00e5 gj\u00f8re prosessen s\u00e5 smidig og stressfri som mulig. Det er derfor vi streber etter \u00e5 gi n\u00f8yaktig og oppdatert informasjon om de ulike aspektene ved utenlandslivet, inkludert kulturelle forskjeller, spr\u00e5kbarrierer og krav til papirarbeid.<\/p>\n\n\n\n<p>Bloggen v\u00e5r er ikke bare for de som skal flytte for f\u00f8rste gang, men ogs\u00e5 for de som allerede er bosatt i Europa, men som \u00f8nsker \u00e5 flytte innenfor kontinentet. Vi vil gi deg den nyeste informasjonen om bolig, jobber og andre ressurser som er tilgjengelige i forskjellige land.<\/p>\n\n\n\n<p>I tillegg til \u00e5 gi informasjon, \u00f8nsker vi ogs\u00e5 \u00e5 skape et fellesskap der expats kan koble seg sammen og dele sine erfaringer. Vi oppfordrer v\u00e5re lesere til \u00e5 legge igjen kommentarer og dele sine egne tips og r\u00e5d.<\/p>\n\n\n\n<p>Vi oppdaterer kontinuerlig bloggen v\u00e5r med ny informasjon og ressurser, s\u00e5 husk \u00e5 sjekke innom ofte. Takk for bes\u00f8ket, og vi h\u00e5per du finner bloggen v\u00e5r nyttig n\u00e5r du navigerer til eller innenfor Europa.<\/p>\n\n","protected":false},"excerpt":{"rendered":"","protected":false},"author":2,"featured_media":0,"parent":0,"menu_order":0,"comment_status":"closed","ping_status":"closed","template":"template-contact-page.php","meta":{"footnotes":""},"class_list":["post-35524","page","type-page","status-publish","hentry"],"_links":{"self":[{"href":"https:\/\/expateuropa.com\/no\/wp-json\/wp\/v2\/pages\/35524","targetHints":{"allow":["GET"]}}],"collection":[{"href":"https:\/\/expateuropa.com\/no\/wp-json\/wp\/v2\/pages"}],"about":[{"href":"https:\/\/expateuropa.com\/no\/wp-json\/wp\/v2\/types\/page"}],"author":[{"embeddable":true,"href":"https:\/\/expateuropa.com\/no\/wp-json\/wp\/v2\/users\/2"}],"replies":[{"embeddable":true,"href":"https:\/\/expateuropa.com\/no\/wp-json\/wp\/v2\/comments?post=35524"}],"version-history":[{"count":0,"href":"https:\/\/expateuropa.com\/no\/wp-json\/wp\/v2\/pages\/35524\/revisions"}],"wp:attachment":[{"href":"https:\/\/expateuropa.com\/no\/wp-json\/wp\/v2\/media?parent=35524"}],"curies":[{"name":"wp","href":"https:\/\/api.w.org\/{rel}","templated":true}]}}