{"id":35486,"date":"2023-01-16T01:39:54","date_gmt":"2023-01-16T00:39:54","guid":{"rendered":"http:\/\/expateuropa.com\/hafdu-samband-vid-okkur-2\/"},"modified":"2023-03-08T19:18:50","modified_gmt":"2023-03-08T18:18:50","slug":"hafdu-samband-vid-okkur-2","status":"publish","type":"page","link":"https:\/\/expateuropa.com\/is\/hafdu-samband-vid-okkur-2\/","title":{"rendered":"Haf\u00f0u samband vi\u00f0 okkur"},"content":{"rendered":"\n\n\n\n<h2 class=\"gb-headline gb-headline-6811f4b5 gb-headline-text\">Sendu okkur l\u00ednu<\/h2>\n\n\n\n<p>Sendu okkur t\u00f6lvup\u00f3st og einn af fulltr\u00faum okkar mun svara \u00fe\u00e9r flj\u00f3tlega. <\/p>\n\n\n\n<p class=\"gb-headline gb-headline-18d2a239\"><span class=\"gb-icon\"><svg xmlns=\"http:\/\/www.w3.org\/2000\/svg\" viewbox=\"0 0 512 512\" width=\"1em\" height=\"1em\" aria-hidden=\"true\"><path d=\"M464 64H48C21.49 64 0 85.49 0 112v288c0 26.51 21.49 48 48 48h416c26.51 0 48-21.49 48-48V112c0-26.51-21.49-48-48-48zm0 48v40.805c-22.422 18.259-58.168 46.651-134.587 106.49-16.841 13.247-50.201 45.072-73.413 44.701-23.208.375-56.579-31.459-73.413-44.701C106.18 199.465 70.425 171.067 48 152.805V112h416zM48 400V214.398c22.914 18.251 55.409 43.862 104.938 82.646 21.857 17.205 60.134 55.186 103.062 54.955 42.717.231 80.509-37.199 103.053-54.947 49.528-38.783 82.032-64.401 104.947-82.653V400H48z\" fill=\"currentColor\"><\/path><\/svg><\/span><span class=\"gb-headline-text\"><a href=\"mailto:post@norwayseo.com\">post@norwayseo.com<\/a><\/span><\/p>\n\n\n\n\n\n<h2 class=\"wp-block-heading\">Um okkur<\/h2>\n\n\n\n<p>Velkomin \u00e1 \u00fatlendingabloggi\u00f0 okkar fyrir \u00fe\u00e1 sem eru \u00e1 fer\u00f0inni \u00ed Evr\u00f3pu! Vi\u00f0 erum teymi reyndra \u00fatlendinga sem hafa gengi\u00f0 \u00ed gegnum ferli\u00f0 vi\u00f0 a\u00f0 flytja til n\u00fds lands og skilja \u00e1skoranirnar sem \u00fev\u00ed fylgja.<\/p>\n\n\n\n<p>Markmi\u00f0 okkar er a\u00f0 bj\u00f3\u00f0a upp \u00e1 alhli\u00f0a \u00farr\u00e6\u00f0i fyrir alla sem vilja flytja til e\u00f0a innan Evr\u00f3pu, hvort sem \u00fe\u00fa ert n\u00e1msma\u00f0ur, eftirlauna\u00feegi, vinnuma\u00f0ur e\u00f0a eitthva\u00f0 anna\u00f0. \u00c1 blogginu okkar finnur \u00fe\u00fa d\u00fdrm\u00e6tar uppl\u00fdsingar og \u00e1bendingar um allt fr\u00e1 \u00fev\u00ed a\u00f0 finna r\u00e9tta h\u00fasn\u00e6\u00f0i\u00f0, til a\u00f0 f\u00e1 fars\u00edma\u00e1skrift og skilja hitakerfin \u00ed n\u00fdja landinu \u00fe\u00ednu.<\/p>\n\n\n\n<p>Vi\u00f0 skiljum a\u00f0 \u00fea\u00f0 getur veri\u00f0 yfir\u00feyrmandi a\u00f0 flytja til n\u00fds lands og vi\u00f0 viljum gera ferli\u00f0 eins sl\u00e9tt og streitulaust og m\u00f6gulegt er. \u00deess vegna kappkostum vi\u00f0 a\u00f0 veita n\u00e1kv\u00e6mar og uppf\u00e6r\u00f0ar uppl\u00fdsingar um hinar \u00fdmsu hli\u00f0ar \u00e1 l\u00edfi \u00fatlendinga, \u00fear \u00e1 me\u00f0al menningarmun, tungum\u00e1lahindranir og kr\u00f6fur um papp\u00edrsvinnu.<\/p>\n\n\n\n<p>Bloggi\u00f0 okkar er ekki bara fyrir \u00fe\u00e1 sem eru a\u00f0 flytja \u00ed fyrsta skipti heldur l\u00edka fyrir \u00fe\u00e1 sem eru \u00feegar b\u00fanir a\u00f0 setjast a\u00f0 \u00ed Evr\u00f3pu en \u00e6tla a\u00f0 flytja innan \u00e1lfunnar. Vi\u00f0 munum veita \u00fe\u00e9r n\u00fdjustu uppl\u00fdsingar um h\u00fasn\u00e6\u00f0i, st\u00f6rf og \u00f6nnur \u00farr\u00e6\u00f0i sem eru \u00ed bo\u00f0i \u00ed mismunandi l\u00f6ndum.<\/p>\n\n\n\n<p>Auk \u00feess a\u00f0 veita uppl\u00fdsingar viljum vi\u00f0 l\u00edka skapa samf\u00e9lag \u00fear sem \u00fatlendingar geta tengst og deilt reynslu sinni. Vi\u00f0 hvetjum lesendur okkar til a\u00f0 skilja eftir athugasemdir og deila eigin r\u00e1\u00f0um og r\u00e1\u00f0um.<\/p>\n\n\n\n<p>Vi\u00f0 erum st\u00f6\u00f0ugt a\u00f0 uppf\u00e6ra bloggi\u00f0 okkar me\u00f0 n\u00fdjum uppl\u00fdsingum og \u00farr\u00e6\u00f0um, svo vertu viss um a\u00f0 k\u00edkja aftur oft. \u00deakka \u00fe\u00e9r fyrir heims\u00f3knina og vi\u00f0 vonum a\u00f0 \u00fe\u00e9r finnist bloggi\u00f0 okkar gagnlegt \u00feegar \u00fe\u00fa fer\u00f0 til e\u00f0a innan Evr\u00f3pu.<\/p>\n\n","protected":false},"excerpt":{"rendered":"","protected":false},"author":2,"featured_media":0,"parent":0,"menu_order":0,"comment_status":"closed","ping_status":"closed","template":"template-contact-page.php","meta":{"footnotes":""},"class_list":["post-35486","page","type-page","status-publish","hentry"],"_links":{"self":[{"href":"https:\/\/expateuropa.com\/is\/wp-json\/wp\/v2\/pages\/35486","targetHints":{"allow":["GET"]}}],"collection":[{"href":"https:\/\/expateuropa.com\/is\/wp-json\/wp\/v2\/pages"}],"about":[{"href":"https:\/\/expateuropa.com\/is\/wp-json\/wp\/v2\/types\/page"}],"author":[{"embeddable":true,"href":"https:\/\/expateuropa.com\/is\/wp-json\/wp\/v2\/users\/2"}],"replies":[{"embeddable":true,"href":"https:\/\/expateuropa.com\/is\/wp-json\/wp\/v2\/comments?post=35486"}],"version-history":[{"count":0,"href":"https:\/\/expateuropa.com\/is\/wp-json\/wp\/v2\/pages\/35486\/revisions"}],"wp:attachment":[{"href":"https:\/\/expateuropa.com\/is\/wp-json\/wp\/v2\/media?parent=35486"}],"curies":[{"name":"wp","href":"https:\/\/api.w.org\/{rel}","templated":true}]}}