{"id":40290,"date":"2023-01-27T00:06:22","date_gmt":"2023-01-26T23:06:22","guid":{"rendered":"http:\/\/expateuropa.com\/beartas-priobhaideachais\/"},"modified":"2023-03-09T19:50:39","modified_gmt":"2023-03-09T18:50:39","slug":"beartas-priobhaideachais","status":"publish","type":"page","link":"https:\/\/expateuropa.com\/ga\/beartas-priobhaideachais\/","title":{"rendered":"Beartas Pr\u00edobh\u00e1ideachais"},"content":{"rendered":"\n<p>Ag ExpatEuropa.com, t\u00e1imid tiomanta do phr\u00edobh\u00e1ideachas a chosaint. M\u00edn\u00edonn an polasa\u00ed pr\u00edobh\u00e1ideachta seo conas a bhail\u00edmid, a \u00fas\u00e1idimid agus a nochtaimid faisn\u00e9is phearsanta nuair a thugann t\u00fa cuairt ar \u00e1r su\u00edomh Gr\u00e9as\u00e1in n\u00f3 nuair a \u00fas\u00e1ideann t\u00fa \u00e1r seirbh\u00eds\u00ed. Tr\u00ed \u00fas\u00e1id a bhaint as \u00e1r su\u00edomh Gr\u00e9as\u00e1in, toil\u00edonn t\u00fa do chuid faisn\u00e9ise pearsanta a bhaili\u00fa agus a \u00fas\u00e1id de r\u00e9ir an bheartais seo.<\/p>\n\n<h2 class=\"wp-block-heading\">Baili\u00fa Faisn\u00e9ise <\/h2>\n\n<p>Bail\u00edmid faisn\u00e9is phearsanta uait nuair a \u00fas\u00e1ideann t\u00fa \u00e1r su\u00edomh Gr\u00e9as\u00e1in, mar d\u2019ainm, do sheoladh r\u00edomhphoist agus do sheoladh IP. Bail\u00edmid freisin faisn\u00e9is faoi do \u00fas\u00e1id a bhaint as \u00e1r su\u00edomh Gr\u00e9as\u00e1in, mar leathanaigh ar tugadh cuairt orthu agus naisc a chlice\u00e1il.<\/p>\n\n<p>Bainimid \u00fas\u00e1id as Google Analytics agus seirbh\u00eds\u00ed tr\u00ed\u00fa p\u00e1irt\u00ed eile chun \u00fas\u00e1id l\u00e1ithre\u00e1in ghr\u00e9as\u00e1in a rian\u00fa agus chun \u00e1r seirbh\u00eds\u00ed a fheabhs\u00fa. F\u00e9adfaidh na seirbh\u00eds\u00ed seo do chuid faisn\u00e9ise pearsanta a bhaili\u00fa agus a phr\u00f3ise\u00e1il, lena n-\u00e1ir\u00edtear seoladh IP, cine\u00e1l gl\u00e9is, agus iompar brabhs\u00e1la. Is f\u00e9idir leat tarraingt siar as Google Analytics tr\u00ed chuairt a thabhairt ar leathanach rogha an di\u00faltaithe do Google Analytics.<\/p>\n\n<p>Bainimid \u00fas\u00e1id freisin as l\u00edonra\u00ed cleamhnaithe chun t\u00e1irg\u00ed agus seirbh\u00eds\u00ed a chur chun cinn ar \u00e1r su\u00edomh Gr\u00e9as\u00e1in. F\u00e9adfaidh na l\u00edonra\u00ed seo do chuid faisn\u00e9ise pearsanta a bhaili\u00fa agus a phr\u00f3ise\u00e1il, lena n-\u00e1ir\u00edtear stair cheannaigh agus iompar brabhs\u00e1la.<\/p>\n\n<h2 class=\"wp-block-heading\">\u00das\u00e1id Faisn\u00e9ise Pearsanta <\/h2>\n\n<p>Bainimid \u00fas\u00e1id as do chuid faisn\u00e9ise pearsanta chun \u00e1r seirbh\u00eds\u00ed a shol\u00e1thar agus a fheabhs\u00fa, chun teagmh\u00e1il a dh\u00e9anamh leat le faisn\u00e9is agus nuashonruithe, agus chun d\u2019eisp\u00e9ireas ar \u00e1r su\u00edomh Gr\u00e9as\u00e1in a phearsant\u00fa.<\/p>\n\n<p>F\u00e9adfaimid freisin do chuid faisn\u00e9ise pearsanta a \u00fas\u00e1id le haghaidh taighde agus anail\u00edse, chun cosaint a dh\u00e9anamh ar chalaois agus ar ghn\u00edomha\u00edocht mh\u00eddhleathach, agus chun \u00e1r dt\u00e9arma\u00ed seirbh\u00edse a fhorfheidhmi\u00fa.<\/p>\n\n<h2 class=\"wp-block-heading\">Nochtadh Faisn\u00e9ise Pearsanta <\/h2>\n\n<p>F\u00e9adfaimid do chuid faisn\u00e9ise pearsanta a nochtadh do thr\u00ed\u00fa p\u00e1irtithe chun na gcr\u00edoch a bhfuil cur s\u00edos orthu sa pholasa\u00ed seo. Mar shampla, f\u00e9adfaimid do chuid faisn\u00e9ise pearsanta a roinnt le l\u00edonra\u00ed cleamhnaithe chun ceannach\u00e1in a \u00e9asc\u00fa agus le Google Analytics chun \u00fas\u00e1id an l\u00e1ithre\u00e1in ghr\u00e9as\u00e1in a rian\u00fa.<\/p>\n\n<p>F\u00e9adfaimid do chuid faisn\u00e9ise pearsanta a nochtadh freisin m\u00e1 \u00e9il\u00edonn an dl\u00ed n\u00f3 mar fhreagra ar iarratas bail\u00ed \u00f3 ghn\u00edomhaireacht forfheidhmithe dl\u00ed n\u00f3 rialtais.<\/p>\n\n<p>N\u00ed dh\u00edolfaimid n\u00e1 n\u00ed ligfimid do chuid faisn\u00e9ise pearsanta ar c\u00edos le tr\u00ed\u00fa p\u00e1irtithe chun cr\u00edocha marga\u00edochta gan do thoili\u00fa sainr\u00e1ite.<\/p>\n\n<h2 class=\"wp-block-heading\">Sl\u00e1nd\u00e1il Sonra\u00ed <\/h2>\n\n<p>D\u00e9anaimid bearta r\u00e9as\u00fanta chun do chuid faisn\u00e9ise pearsanta a chosaint \u00f3 rochtain, \u00fas\u00e1id n\u00f3 nochtadh neamh\u00fadaraithe. N\u00edl aon tarchur idirl\u00edn sl\u00e1n ioml\u00e1n, \u00e1fach, agus n\u00ed f\u00e9idir linn sl\u00e1nd\u00e1il do chuid faisn\u00e9ise pearsanta a r\u00e1th\u00fa.<\/p>\n\n<h2 class=\"wp-block-heading\">Athruithe ar an mBeartas seo <\/h2>\n\n<p>F\u00e9adfaimid an polasa\u00ed seo a nuashonr\u00fa \u00f3 am go ch\u00e9ile, mar sin seice\u00e1il an leathanach seo go rialta le haghaidh aon athruithe. M\u00e1 dh\u00e9anaimid athruithe \u00e1bhartha ar an mbeartas seo, tabharfaimid f\u00f3gra duit tr\u00ed r\u00edomhphost n\u00f3 tr\u00ed fh\u00f3gra a chur ar \u00e1r su\u00edomh Gr\u00e9as\u00e1in.<\/p>\n\n<p>M\u00e1 t\u00e1 aon cheist agat faoin bpolasa\u00ed seo n\u00f3 faoin \u00fas\u00e1id a bhainimid as do chuid faisn\u00e9ise pearsanta, d\u00e9an <a href=\"https:\/\/expateuropa.com\/ga\/glaoigh-orainn\/\">teagmh\u00e1il linn le do<\/a> thoil.<\/p>\n\n<p>Nuashonra\u00edodh an polasa\u00ed pr\u00edobh\u00e1ideachta seo an 27.01.2023.<\/p>\n\n<p>Tr\u00ed \u00fas\u00e1id a bhaint as \u00e1r su\u00edomh Gr\u00e9as\u00e1in glacann t\u00fa len\u00e1r bpolasa\u00ed pr\u00edobh\u00e1ideachais agus le h\u00fas\u00e1id fian\u00e1in agus teicneola\u00edochta\u00ed comhchos\u00fala.<\/p>\n","protected":false},"excerpt":{"rendered":"<p>Ag ExpatEuropa.com, t\u00e1imid tiomanta do phr\u00edobh\u00e1ideachas a chosaint. M\u00edn\u00edonn an polasa\u00ed pr\u00edobh\u00e1ideachta seo conas a&#8230;<\/p>\n","protected":false},"author":3,"featured_media":0,"parent":0,"menu_order":0,"comment_status":"closed","ping_status":"closed","template":"","meta":{"footnotes":""},"class_list":["post-40290","page","type-page","status-publish","hentry"],"_links":{"self":[{"href":"https:\/\/expateuropa.com\/ga\/wp-json\/wp\/v2\/pages\/40290","targetHints":{"allow":["GET"]}}],"collection":[{"href":"https:\/\/expateuropa.com\/ga\/wp-json\/wp\/v2\/pages"}],"about":[{"href":"https:\/\/expateuropa.com\/ga\/wp-json\/wp\/v2\/types\/page"}],"author":[{"embeddable":true,"href":"https:\/\/expateuropa.com\/ga\/wp-json\/wp\/v2\/users\/3"}],"replies":[{"embeddable":true,"href":"https:\/\/expateuropa.com\/ga\/wp-json\/wp\/v2\/comments?post=40290"}],"version-history":[{"count":0,"href":"https:\/\/expateuropa.com\/ga\/wp-json\/wp\/v2\/pages\/40290\/revisions"}],"wp:attachment":[{"href":"https:\/\/expateuropa.com\/ga\/wp-json\/wp\/v2\/media?parent=40290"}],"curies":[{"name":"wp","href":"https:\/\/api.w.org\/{rel}","templated":true}]}}