{"id":35520,"date":"2023-01-16T01:39:54","date_gmt":"2023-01-16T00:39:54","guid":{"rendered":"http:\/\/expateuropa.com\/glaoigh-orainn\/"},"modified":"2023-03-08T19:18:50","modified_gmt":"2023-03-08T18:18:50","slug":"glaoigh-orainn","status":"publish","type":"page","link":"https:\/\/expateuropa.com\/ga\/glaoigh-orainn\/","title":{"rendered":"Glaoigh orainn"},"content":{"rendered":"\n\n\n\n<h2 class=\"gb-headline gb-headline-6811f4b5 gb-headline-text\">Buail l\u00edne linn<\/h2>\n\n\n\n<p>Seol r\u00edomhphost chugainn agus rachaidh duine d\u00e1r n-ionadaithe ar ais chugat gan mhoill. <\/p>\n\n\n\n<p class=\"gb-headline gb-headline-18d2a239\"><span class=\"gb-icon\"><svg xmlns=\"http:\/\/www.w3.org\/2000\/svg\" viewbox=\"0 0 512 512\" width=\"1em\" height=\"1em\" aria-hidden=\"true\"><path d=\"M464 64H48C21.49 64 0 85.49 0 112v288c0 26.51 21.49 48 48 48h416c26.51 0 48-21.49 48-48V112c0-26.51-21.49-48-48-48zm0 48v40.805c-22.422 18.259-58.168 46.651-134.587 106.49-16.841 13.247-50.201 45.072-73.413 44.701-23.208.375-56.579-31.459-73.413-44.701C106.18 199.465 70.425 171.067 48 152.805V112h416zM48 400V214.398c22.914 18.251 55.409 43.862 104.938 82.646 21.857 17.205 60.134 55.186 103.062 54.955 42.717.231 80.509-37.199 103.053-54.947 49.528-38.783 82.032-64.401 104.947-82.653V400H48z\" fill=\"currentColor\"><\/path><\/svg><\/span><span class=\"gb-headline-text\"><a href=\"mailto:post@norwayseo.com\">post@norwayseo.com<\/a><\/span><\/p>\n\n\n\n\n\n<h2 class=\"wp-block-heading\">F\u00fainn<\/h2>\n\n\n\n<p>F\u00e1ilte chuig \u00e1r mblag expat d\u00f3ibh si\u00fad at\u00e1 ag bogadh san Eoraip! Is foireann expats muid a bhfuil taith\u00ed acu at\u00e1 tar \u00e9is dul tr\u00edd an bpr\u00f3iseas chun athlonn\u00fa go t\u00edr nua agus a thuigeann na d\u00fashl\u00e1in a thagann leis.<\/p>\n\n\n\n<p>Is \u00e9 an sprioc at\u00e1 againn acmhainn chuimsitheach a shol\u00e1thar do dhuine ar bith at\u00e1 ag iarraidh bogadh go dt\u00ed an Eoraip n\u00f3 laistigh den Eoraip, cib\u00e9 acu an mac l\u00e9inn, pinsin\u00e9ir, oibr\u00ed n\u00f3 rud \u00e9igin eile t\u00fa. Ar \u00e1r mblag, gheobhaidh t\u00fa eolas luachmhar agus leideanna maidir le gach rud \u00f3 aimsi\u00fa na tith\u00edochta ceart, a fh\u00e1il s\u00ednti\u00fas soghluaiste agus tuiscint a fh\u00e1il ar na c\u00f3rais t\u00e9imh i do th\u00edr nua.<\/p>\n\n\n\n<p>Tuigimid gur f\u00e9idir leis an aistri\u00fa go t\u00edr nua a bheith thar a bheith t\u00e1bhachtach, agus ba mhaith linn an pr\u00f3iseas a dh\u00e9anamh chomh r\u00e9idh agus chomh saor \u00f3 strus agus is f\u00e9idir. Sin an f\u00e1th a nd\u00e9anaimid \u00e1r nd\u00edcheall eolas cruinn agus cothrom le d\u00e1ta a shol\u00e1thar ar na gn\u00e9ithe \u00e9ags\u00fala de shaol an expat, lena n-\u00e1ir\u00edtear difr\u00edochta\u00ed cult\u00fartha, bacainn\u00ed teanga, agus riachtanais p\u00e1ip\u00e9arachais.<\/p>\n\n\n\n<p>N\u00ed hamh\u00e1in d\u00f3ibh si\u00fad at\u00e1 ag bogadh den ch\u00e9ad uair \u00e9 \u00e1r mblag, ach freisin d\u00f3ibh si\u00fad at\u00e1 socraithe san Eoraip cheana f\u00e9in ach at\u00e1 ag iarraidh bogadh laistigh den mh\u00f3r-roinn. Cuirfimid an t-eolas is d\u00e9ana\u00ed ar f\u00e1il duit maidir le tith\u00edocht, poist, agus acmhainn\u00ed eile at\u00e1 ar f\u00e1il i dt\u00edortha \u00e9ags\u00fala.<\/p>\n\n\n\n<p>Chomh maith le faisn\u00e9is a shol\u00e1thar, ba mhaith linn freisin pobal a chruth\u00fa inar f\u00e9idir le expats a gcuid taith\u00ed a nascadh agus a roinnt. Spreagaimid \u00e1r l\u00e9itheoir\u00ed chun tuairim\u00ed a fh\u00e1g\u00e1il agus a gcuid leideanna agus comhairle f\u00e9in a roinnt.<\/p>\n\n\n\n<p>T\u00e1imid i gc\u00f3na\u00ed ag nuashonr\u00fa \u00e1r mblag le faisn\u00e9is agus acmhainn\u00ed nua, mar sin b\u00ed cinnte seice\u00e1il ar ais go minic. Go raibh maith agat as cuairt a thabhairt agus t\u00e1 s\u00fail againn go mbeidh \u00e1r mblag ina chuidi\u00fa duit agus t\u00fa ag dul chuig an Eoraip n\u00f3 laistigh den Eoraip.<\/p>\n\n","protected":false},"excerpt":{"rendered":"","protected":false},"author":2,"featured_media":0,"parent":0,"menu_order":0,"comment_status":"closed","ping_status":"closed","template":"template-contact-page.php","meta":{"footnotes":""},"class_list":["post-35520","page","type-page","status-publish","hentry"],"_links":{"self":[{"href":"https:\/\/expateuropa.com\/ga\/wp-json\/wp\/v2\/pages\/35520","targetHints":{"allow":["GET"]}}],"collection":[{"href":"https:\/\/expateuropa.com\/ga\/wp-json\/wp\/v2\/pages"}],"about":[{"href":"https:\/\/expateuropa.com\/ga\/wp-json\/wp\/v2\/types\/page"}],"author":[{"embeddable":true,"href":"https:\/\/expateuropa.com\/ga\/wp-json\/wp\/v2\/users\/2"}],"replies":[{"embeddable":true,"href":"https:\/\/expateuropa.com\/ga\/wp-json\/wp\/v2\/comments?post=35520"}],"version-history":[{"count":0,"href":"https:\/\/expateuropa.com\/ga\/wp-json\/wp\/v2\/pages\/35520\/revisions"}],"wp:attachment":[{"href":"https:\/\/expateuropa.com\/ga\/wp-json\/wp\/v2\/media?parent=35520"}],"curies":[{"name":"wp","href":"https:\/\/api.w.org\/{rel}","templated":true}]}}