{"id":35476,"date":"2023-01-16T01:39:54","date_gmt":"2023-01-16T00:39:54","guid":{"rendered":"http:\/\/expateuropa.com\/nous-contacter\/"},"modified":"2023-03-08T19:18:48","modified_gmt":"2023-03-08T18:18:48","slug":"nous-contacter","status":"publish","type":"page","link":"https:\/\/expateuropa.com\/fr\/nous-contacter\/","title":{"rendered":"Nous contacter"},"content":{"rendered":"\n\n\n\n<h2 class=\"gb-headline gb-headline-6811f4b5 gb-headline-text\">Envoyez-nous un message<\/h2>\n\n\n\n<p>Envoyez-nous un courriel et l&rsquo;un de nos repr\u00e9sentants vous r\u00e9pondra sous peu.  <\/p>\n\n\n\n<p class=\"gb-headline gb-headline-18d2a239\"><span class=\"gb-icon\"><svg xmlns=\"http:\/\/www.w3.org\/2000\/svg\" viewbox=\"0 0 512 512\" width=\"1em\" height=\"1em\" aria-hidden=\"true\"><path d=\"M464 64H48C21.49 64 0 85.49 0 112v288c0 26.51 21.49 48 48 48h416c26.51 0 48-21.49 48-48V112c0-26.51-21.49-48-48-48zm0 48v40.805c-22.422 18.259-58.168 46.651-134.587 106.49-16.841 13.247-50.201 45.072-73.413 44.701-23.208.375-56.579-31.459-73.413-44.701C106.18 199.465 70.425 171.067 48 152.805V112h416zM48 400V214.398c22.914 18.251 55.409 43.862 104.938 82.646 21.857 17.205 60.134 55.186 103.062 54.955 42.717.231 80.509-37.199 103.053-54.947 49.528-38.783 82.032-64.401 104.947-82.653V400H48z\" fill=\"currentColor\"><\/path><\/svg><\/span><span class=\"gb-headline-text\"><a href=\"mailto:post@norwayseo.com\">post@norwayseo.com<\/a><\/span><\/p>\n\n\n\n\n\n<h2 class=\"wp-block-heading\">A propos de nous<\/h2>\n\n\n\n<p>Bienvenue sur notre blog d&rsquo;expatri\u00e9s pour ceux qui se d\u00e9placent en Europe ! Nous sommes une \u00e9quipe d&rsquo;expatri\u00e9s exp\u00e9riment\u00e9s qui sont pass\u00e9s par le processus de relocalisation dans un nouveau pays et comprennent les d\u00e9fis qui en d\u00e9coulent.<\/p>\n\n\n\n<p>Notre objectif est de fournir une ressource compl\u00e8te \u00e0 tous ceux qui cherchent \u00e0 se d\u00e9placer vers ou dans l&rsquo;Europe, que vous soyez \u00e9tudiant, retrait\u00e9, travailleur ou autre. Sur notre blog, vous trouverez des informations et des conseils pr\u00e9cieux sur tous les sujets, qu&rsquo;il s&rsquo;agisse de trouver le bon logement, d&rsquo;obtenir des abonnements de t\u00e9l\u00e9phonie mobile ou de comprendre les syst\u00e8mes de chauffage de votre nouveau pays.<\/p>\n\n\n\n<p>Nous comprenons qu&rsquo;un d\u00e9m\u00e9nagement dans un nouveau pays peut \u00eatre accablant, et nous voulons rendre le processus aussi fluide et sans stress que possible. C&rsquo;est pourquoi nous nous effor\u00e7ons de fournir des informations pr\u00e9cises et actualis\u00e9es sur les diff\u00e9rents aspects de la vie d&rsquo;expatri\u00e9, notamment les diff\u00e9rences culturelles, les barri\u00e8res linguistiques et les formalit\u00e9s administratives.<\/p>\n\n\n\n<p>Notre blog ne s&rsquo;adresse pas seulement \u00e0 ceux qui d\u00e9m\u00e9nagent pour la premi\u00e8re fois, mais aussi \u00e0 ceux qui sont d\u00e9j\u00e0 install\u00e9s en Europe mais qui cherchent \u00e0 d\u00e9m\u00e9nager sur le continent. Nous vous fournirons les derni\u00e8res informations sur le logement, l&#8217;emploi et les autres ressources disponibles dans les diff\u00e9rents pays.<\/p>\n\n\n\n<p>En plus de fournir des informations, nous voulons \u00e9galement cr\u00e9er une communaut\u00e9 o\u00f9 les expatri\u00e9s peuvent se connecter et partager leurs exp\u00e9riences. Nous encourageons nos lecteurs \u00e0 laisser des commentaires et \u00e0 partager leurs propres astuces et conseils.<\/p>\n\n\n\n<p>Nous mettons constamment \u00e0 jour notre blog avec de nouvelles informations et ressources, alors n&rsquo;h\u00e9sitez pas \u00e0 le consulter r\u00e9guli\u00e8rement. Nous vous remercions de votre visite et esp\u00e9rons que notre blog vous sera utile dans le cadre de votre d\u00e9m\u00e9nagement en Europe.<\/p>\n\n","protected":false},"excerpt":{"rendered":"","protected":false},"author":2,"featured_media":0,"parent":0,"menu_order":0,"comment_status":"closed","ping_status":"closed","template":"template-contact-page.php","meta":{"footnotes":""},"class_list":["post-35476","page","type-page","status-publish","hentry"],"_links":{"self":[{"href":"https:\/\/expateuropa.com\/fr\/wp-json\/wp\/v2\/pages\/35476","targetHints":{"allow":["GET"]}}],"collection":[{"href":"https:\/\/expateuropa.com\/fr\/wp-json\/wp\/v2\/pages"}],"about":[{"href":"https:\/\/expateuropa.com\/fr\/wp-json\/wp\/v2\/types\/page"}],"author":[{"embeddable":true,"href":"https:\/\/expateuropa.com\/fr\/wp-json\/wp\/v2\/users\/2"}],"replies":[{"embeddable":true,"href":"https:\/\/expateuropa.com\/fr\/wp-json\/wp\/v2\/comments?post=35476"}],"version-history":[{"count":0,"href":"https:\/\/expateuropa.com\/fr\/wp-json\/wp\/v2\/pages\/35476\/revisions"}],"wp:attachment":[{"href":"https:\/\/expateuropa.com\/fr\/wp-json\/wp\/v2\/media?parent=35476"}],"curies":[{"name":"wp","href":"https:\/\/api.w.org\/{rel}","templated":true}]}}