{"id":35498,"date":"2023-01-16T01:39:54","date_gmt":"2023-01-16T00:39:54","guid":{"rendered":"http:\/\/expateuropa.com\/votke-meiega-uhendust\/"},"modified":"2023-03-08T19:18:48","modified_gmt":"2023-03-08T18:18:48","slug":"votke-meiega-uhendust","status":"publish","type":"page","link":"https:\/\/expateuropa.com\/et\/votke-meiega-uhendust\/","title":{"rendered":"V\u00f5tke meiega \u00fchendust"},"content":{"rendered":"\n\n\n\n<h2 class=\"gb-headline gb-headline-6811f4b5 gb-headline-text\">Kirjutage meile<\/h2>\n\n\n\n<p>Saatke meile e-kiri ja \u00fcks meie esindajatest v\u00f5tab teiega peagi \u00fchendust.  <\/p>\n\n\n\n<p class=\"gb-headline gb-headline-18d2a239\"><span class=\"gb-icon\"><svg xmlns=\"http:\/\/www.w3.org\/2000\/svg\" viewbox=\"0 0 512 512\" width=\"1em\" height=\"1em\" aria-hidden=\"true\"><path d=\"M464 64H48C21.49 64 0 85.49 0 112v288c0 26.51 21.49 48 48 48h416c26.51 0 48-21.49 48-48V112c0-26.51-21.49-48-48-48zm0 48v40.805c-22.422 18.259-58.168 46.651-134.587 106.49-16.841 13.247-50.201 45.072-73.413 44.701-23.208.375-56.579-31.459-73.413-44.701C106.18 199.465 70.425 171.067 48 152.805V112h416zM48 400V214.398c22.914 18.251 55.409 43.862 104.938 82.646 21.857 17.205 60.134 55.186 103.062 54.955 42.717.231 80.509-37.199 103.053-54.947 49.528-38.783 82.032-64.401 104.947-82.653V400H48z\" fill=\"currentColor\"><\/path><\/svg><\/span><span class=\"gb-headline-text\"><a href=\"mailto:post@norwayseo.com\">post@norwayseo.com<\/a><\/span><\/p>\n\n\n\n\n\n<h2 class=\"wp-block-heading\">Meie kohta<\/h2>\n\n\n\n<p>Tere tulemast meie Euroopasse liikuvatele v\u00e4lismaalastele m\u00f5eldud blogisse! Me oleme kogenud v\u00e4lismaalastest koosnev meeskond, kes on l\u00e4binud uude riiki kolimise protsessi ja m\u00f5istab sellega kaasnevaid v\u00e4ljakutseid.<\/p>\n\n\n\n<p>Meie eesm\u00e4rk on pakkuda igak\u00fclgset teavet k\u00f5igile, kes soovivad Euroopasse v\u00f5i Euroopa piires liikuda, olgu te siis \u00fcli\u00f5pilane, pension\u00e4r, t\u00f6\u00f6taja v\u00f5i midagi muud. Meie blogist leiate v\u00e4\u00e4rtuslikku teavet ja n\u00e4pun\u00e4iteid k\u00f5ige kohta, alates \u00f5ige eluaseme leidmisest kuni mobiiltelefoni abonementide saamiseni ja uue riigi k\u00fcttes\u00fcsteemide m\u00f5istmiseni.<\/p>\n\n\n\n<p>Me m\u00f5istame, et uude riiki kolimine v\u00f5ib olla \u00fcle j\u00f5u k\u00e4iv ja me tahame muuta selle protsessi v\u00f5imalikult sujuvaks ja stressivabaks. Seep\u00e4rast p\u00fc\u00fcame pakkuda t\u00e4pset ja ajakohast teavet v\u00e4lismaalaste elu erinevate aspektide kohta, sealhulgas kultuurierinevuste, keelebarj\u00e4\u00e4ride ja paberimajanduse n\u00f5uete kohta.<\/p>\n\n\n\n<p>Meie blogi ei ole m\u00f5eldud mitte ainult neile, kes kolivad esimest korda, vaid ka neile, kes on juba Euroopas elama asunud, kuid soovivad kontinendi piires \u00fcmber kolida. Me anname teile k\u00f5ige v\u00e4rskemat teavet eluasemete, t\u00f6\u00f6kohtade ja muude ressursside kohta, mis on erinevates riikides saadaval.<\/p>\n\n\n\n<p>Lisaks teabe pakkumisele soovime luua ka kogukonna, kus v\u00e4lismaalased saavad suhelda ja jagada oma kogemusi. Me julgustame lugejaid j\u00e4tma kommentaare ja jagama oma n\u00f5uandeid ja n\u00e4pun\u00e4iteid.<\/p>\n\n\n\n<p>Me uuendame pidevalt oma blogi uue teabe ja ressurssidega, nii et vaadake kindlasti sageli tagasi. T\u00e4name teid k\u00fclastuse eest ja loodame, et meie blogi on teile abiks Euroopasse v\u00f5i Euroopas liikumisel.<\/p>\n\n","protected":false},"excerpt":{"rendered":"","protected":false},"author":2,"featured_media":0,"parent":0,"menu_order":0,"comment_status":"closed","ping_status":"closed","template":"template-contact-page.php","meta":{"footnotes":""},"class_list":["post-35498","page","type-page","status-publish","hentry"],"_links":{"self":[{"href":"https:\/\/expateuropa.com\/et\/wp-json\/wp\/v2\/pages\/35498","targetHints":{"allow":["GET"]}}],"collection":[{"href":"https:\/\/expateuropa.com\/et\/wp-json\/wp\/v2\/pages"}],"about":[{"href":"https:\/\/expateuropa.com\/et\/wp-json\/wp\/v2\/types\/page"}],"author":[{"embeddable":true,"href":"https:\/\/expateuropa.com\/et\/wp-json\/wp\/v2\/users\/2"}],"replies":[{"embeddable":true,"href":"https:\/\/expateuropa.com\/et\/wp-json\/wp\/v2\/comments?post=35498"}],"version-history":[{"count":0,"href":"https:\/\/expateuropa.com\/et\/wp-json\/wp\/v2\/pages\/35498\/revisions"}],"wp:attachment":[{"href":"https:\/\/expateuropa.com\/et\/wp-json\/wp\/v2\/media?parent=35498"}],"curies":[{"name":"wp","href":"https:\/\/api.w.org\/{rel}","templated":true}]}}