{"id":34522,"date":"2023-01-14T18:34:45","date_gmt":"2023-01-14T17:34:45","guid":{"rendered":"http:\/\/expateuropa.com\/dom-2\/"},"modified":"2025-07-26T14:27:22","modified_gmt":"2025-07-26T12:27:22","slug":"dom-2","status":"publish","type":"page","link":"https:\/\/expateuropa.com\/bs\/","title":{"rendered":"Dom"},"content":{"rendered":"&#8220;`html\n\n<h1 class=\"wp-block-heading\">Dobrodo\u0161li na ExpatEuropa.com<\/h1>\n\n<h2 class=\"wp-block-heading\">Va\u0161 vodi\u010d kroz evropske zemlje kao iseljenika<\/h2>\n\n<p>ExpatEuropa.com slu\u017ei kao va\u0161 osnovni vodi\u010d i pratilac za snala\u017eenje u slo\u017eenostima i mogu\u0107nostima \u017eivota iseljenika u Evropi. Bilo da se kre\u0107ete unutar EU ili iz zemlje koja nije \u010dlanica EU, ova platforma pru\u017ea detaljne, prakti\u010dne savjete o \u0161irokom spektru tema, uklju\u010duju\u0107i pravne propise, stanovanje, zdravstvenu za\u0161titu, bankarstvo i kulturnu integraciju. Dizajniran da olak\u0161a glatku tranziciju i obogati va\u0161e evropsko iskustvo, ExpatEuropa.com je glavni izvor za iseljenike koji tra\u017ee sveobuhvatnu podr\u0161ku i uvide za uspje\u0161an \u017eivot u inostranstvu.<\/p>\n\n<p><strong>Poku\u0161ajte ga potra\u017eiti:<\/strong><\/p>\n<p>[wpdreams_ajaxsearchlite]<\/p>\n\n<h2 class=\"wp-block-heading\">Kretanje prema propisima EU<\/h2>\n\n<p>Preseljenje u novu zemlju unutar Evropske unije dolazi sa skupom pravila i procedura koje se razlikuju u zavisnosti od va\u0161eg porijekla \u2013 iz EU ili izvan EU. Razumijevanje ovih propisa je klju\u010dno za glatku tranziciju.<\/p>\n\n<h3 class=\"wp-block-heading\">Za gra\u0111ane EU<\/h3>\n\n<p><strong>Sloboda kretanja:<\/strong> Kao gra\u0111anin EU, imate pravo da \u017eivite, radite i studirate u bilo kojoj zemlji EU bez potrebe za radnom dozvolom. Ovo osnovno pravo se odnosi i na va\u0161u porodicu, bez obzira na njihovu nacionalnost.<\/p>\n\n<p><strong>Registracija:<\/strong> Nakon preseljenja, od vas se tra\u017ei da se registrujete kod lokalnih vlasti, obi\u010dno u roku od 3 do 6 meseci. Ovaj proces uklju\u010duje pru\u017eanje dokaza o zaposlenju, samozapo\u0161ljavanju, studiranju ili dovoljnim resursima da vi i va\u0161a porodica \u017eivite bez potrebe za izdr\u017eavanjem prihoda.<\/p>\n\n<p><strong>Zdravstvena za\u0161tita:<\/strong> Registrirajte se za pristup zdravstvenim uslugama u svojoj novoj zemlji. Evropska kartica zdravstvenog osiguranja (EHIC) pokriva vas tokom privremenih posjeta, ali \u0107ete se morati pridru\u017eiti lokalnom zdravstvenom sistemu za dugotrajne boravke.<\/p>\n\n<p><a href=\"https:\/\/europa.eu\/youreurope\/citizens\/residence\/residence-rights\/index_en.htm#eu-citizen\">Prona\u0111i a\u017eurirana pravila ovdje na zvani\u010dnoj stranici EU<\/a>.<\/p>\n\n<h3 class=\"wp-block-heading\">Za dr\u017eavljane izvan EU<\/h3>\n\n<p><strong>Vize i dozvole:<\/strong> Vrsta vize ili boravi\u0161ne dozvole koja \u0107e vam trebati zavisi od svrhe va\u0161eg boravka \u2013 posao, u\u010denje ili okupljanje porodice. Prijava uklju\u010duje podno\u0161enje dokumenata kao \u0161to su dokaz o zaposlenju, smje\u0161taju i zdravstvenom osiguranju.<\/p>\n\n<p><strong>Integracioni kursevi:<\/strong> Neke zemlje zahtevaju od dr\u017eavljana koji nisu iz EU da poha\u0111aju integracijske kurseve, koji obuhvataju jezi\u010dke ve\u0161tine i kulturna znanja koja su klju\u010dna za prilago\u0111avanje va\u0161em novom okru\u017eenju.<\/p>\n\n<p><a href=\"https:\/\/europa.eu\/youreurope\/citizens\/residence\/residence-rights\/index_en.htm#non-eu-citizen\" data-type=\"link\" data-id=\"https:\/\/europa.eu\/youreurope\/citizens\/residence\/residence-rights\/index_en.htm#non-eu-citizen\">Ovdje prona\u0111ite a\u017eurirana pravila za dr\u017eavljane izvan EU<\/a>.<\/p>\n\n<h2 class=\"wp-block-heading\">Pronala\u017eenje va\u0161eg novog doma<\/h2>\n\n<p>Osiguravanje mjesta za \u017eivot je va\u0161 sljede\u0107i korak. Tr\u017ei\u0161te nekretnina u Evropi je raznoliko, sa opcijama u rasponu od urbanih stanova do ku\u0107a na selu.<\/p>\n\n<h3 class=\"wp-block-heading\">Pregled stambenog tr\u017ei\u0161ta<\/h3>\n\n<p>Tr\u017ei\u0161ta iznajmljivanja u evropskim gradovima mogu biti konkurentna. Zapo\u010dnite pretragu rano i budite spremni dati reference i sigurnosni depozit. U nekim zemljama, dugoro\u010dni ugovori o najmu su uobi\u010dajeni, nude\u0107i stabilnost za iseljenike.<\/p>\n\n<h3 class=\"wp-block-heading\">Tra\u017eim smje\u0161taj<\/h3>\n\n<p>Online platforme, lokalne novine i agenti za nekretnine su vrijedni resursi u va\u0161oj potrazi za stanovanjem. Uzmite u obzir svoje putovanje na posao, lokalne pogodnosti i zajednicu kada birate lokaciju. Grupe na dru\u0161tvenim mre\u017eama i forumi iseljenika tako\u0111er mogu ponuditi kontakte i savjete.<\/p>\n\n<h3 class=\"wp-block-heading\">Razumijevanje ugovora i prava<\/h3>\n\n<p>Upoznajte se s lokalnim zakonima o najmu i svojim pravima kao zakupca. Ugovori o zakupu trebaju detaljno navesti va\u0161e i obaveze zakupodavca u pogledu zakupnine, odr\u017eavanja i otkaznih rokova za raskid zakupa. U nekim zemljama EU mogu se primjenjivati \u200b\u200bzakoni o kontroli stanarine, koji \u0161tite stanare od pretjeranog pove\u0107anja stanarine.<\/p>\n\n<h2 class=\"wp-block-heading\">Postavljanje va\u0161ih uslu\u017enih programa<\/h2>\n\n<p>Nakon \u0161to se smjestite u svoj novi dom u Europi, ure\u0111enje va\u0161ih osnovnih komunalnih usluga klju\u010dni je korak ka udobnosti i udobnosti. To uklju\u010duje struju, plin, vodu i internet usluge. Svaka zemlja ima svoj skup dobavlja\u010da i propisa, ali proces op\u0107enito slijedi sli\u010dan obrazac.<\/p>\n\n<h3 class=\"wp-block-heading\">Struja i plin<\/h3>\n\n<ul class=\"wp-block-list\">\n<li><strong>Odaberite svog provajdera:<\/strong> U mnogim evropskim zemljama mo\u017eete odabrati dobavlja\u010da elektri\u010dne energije i plina na osnovu cijena i ponu\u0111enih usluga. Neki regioni mogu imati podrazumevanog dobavlja\u010da ako tr\u017ei\u0161te nije u potpunosti liberalizovano.<\/li>\n\n\n\n<li><strong>Pode\u0161avanje va\u0161eg naloga:<\/strong> Kontaktirajte provajdera prije nego \u0161to se uselite kako biste bili sigurni da su usluge povezane. Mo\u017eda \u0107ete morati dostaviti identifikaciju, ugovor o zakupu, a ponekad i depozit.<\/li>\n\n\n\n<li><strong>Razumijevanje va\u0161eg ra\u010duna:<\/strong> Ra\u010duni obi\u010dno uklju\u010duju tro\u0161kove potro\u0161nje, mre\u017ene naknade, poreze i druge dr\u017eavne namete. Upoznajte se sa ciklusom naplate i dostupnim na\u010dinima pla\u0107anja.<\/li>\n<\/ul>\n\n<h3 class=\"wp-block-heading\">Voda<\/h3>\n\n<ul class=\"wp-block-list\">\n<li><strong>Registracija:<\/strong> Uslugom vode \u010desto upravlja op\u0161tinski provajder i mo\u017ee se automatski postaviti sa va\u0161im ugovorom o zakupu ili kupovinom imovine. Ipak, pametno je provjeriti.<\/li>\n\n\n\n<li><strong>Naplata:<\/strong> Ra\u010duni za vodu se obi\u010dno zasnivaju na potro\u0161nji, sa fiksnim cijenama za opskrbu i kanalizaciju. Pobrinite se da razumijete kako o\u010ditati svoje brojilo i kada dospijevaju ra\u010duni.<\/li>\n<\/ul>\n\n<h3 class=\"wp-block-heading\">Internet i mobilne pretplate<\/h3>\n\n<ul class=\"wp-block-list\">\n<li><strong>Odabir provajdera:<\/strong> Istra\u017eite kako biste prona\u0161li najbolje internetske i mobilne pakete za va\u0161e potrebe. Uzmite u obzir faktore kao \u0161to su brzina, ograni\u010denja podataka, pokrivenost i du\u017eina ugovora.<\/li>\n\n\n\n<li><strong>Instalacija:<\/strong> Za internet, mo\u017eda \u0107e biti neophodan termin za instaliranje usluge u va\u0161em domu. Mobilne pretplate se \u010desto mogu postaviti na mre\u017ei ili u trgovini uz trenutnu aktivaciju.<\/li>\n\n\n\n<li><strong>Ugovori i raskid:<\/strong> Budite svjesni ugovornih obaveza, posebno ako se odlu\u010dite za ugovor s minimalnim rokom. Pogledajte politiku provajdera o naknadama za preseljenje ili otkazivanje ako se va\u0161e okolnosti promene.<\/li>\n<\/ul>\n\n<p>Postavljanje va\u0161ih komunalnih usluga i usluga je temeljni korak da se va\u0161a nova ku\u0107a osje\u0107a kao dom. Svaka zemlja ima svoje specifi\u010dnosti, stoga iskoristite prednosti lokalnih foruma i resursa za iseljenike za savjete prilago\u0111ene va\u0161em novom lokalitetu. Uz malo pripreme, mo\u017eete osigurati da va\u0161 prelazak na \u017eivot u Evropi bude \u0161to lak\u0161i i udobniji.<\/p>\n\n<h2 class=\"wp-block-heading\">Bankarstvo i finansije u EU<\/h2>\n\n<p>Uspostavljanje finansijske stabilnosti je kamen temeljac uspje\u0161nog preseljenja u Evropu. Ovaj odjeljak pru\u017ea smjernice za otvaranje bankovnog ra\u010duna, razumijevanje kreditnog sistema i efikasno upravljanje finansijama u novom okru\u017eenju.<\/p>\n\n<h3 class=\"wp-block-heading\">Otvaranje bankovnog ra\u010duna<\/h3>\n\n<ul class=\"wp-block-list\">\n<li><strong>Potrebni dokumenti:<\/strong> Obi\u010dno \u0107e vam trebati paso\u0161, dokaz adrese (kao \u0161to je ra\u010dun za komunalne usluge ili ugovor o najmu), a ponekad i dokaz o zaposlenju ili studiranju. Neke banke mogu zahtijevati boravi\u0161nu dozvolu.<\/li>\n\n\n\n<li><strong>Odabir banke:<\/strong> Uzmite u obzir faktore kao \u0161to su dostupnost osoblja koje govori engleski, funkcije internetskog bankarstva, naknade za me\u0111unarodne transakcije i lokacije filijala.<\/li>\n\n\n\n<li><strong>Mobilno bankarstvo:<\/strong> Mnoge evropske banke nude sveobuhvatne aplikacije za mobilno bankarstvo koje vam omogu\u0107avaju da upravljate svojim finansijama u pokretu, uklju\u010duju\u0107i postavljanje automatskog pla\u0107anja ra\u010duna i pra\u0107enje va\u0161ih ra\u010duna.<\/li>\n<\/ul>\n\n<h3 class=\"wp-block-heading\">Razumijevanje kreditnog sistema<\/h3>\n\n<ul class=\"wp-block-list\">\n<li><strong>Gra\u0111evinski kredit:<\/strong> Uspostavljanje kreditne istorije je klju\u010dno za budu\u0107e kredite, hipoteke ili \u010dak potpisivanje ugovora o mobilnom telefonu. Zapo\u010dnite kori\u0161tenjem lokalne kreditne kartice za male kupovine i pla\u0107anjem bilansa u cijelosti.<\/li>\n\n\n\n<li><strong>Kreditni rezultat:<\/strong> Saznajte kako va\u0161a nova zemlja izra\u010dunava kreditne rezultate i koji faktori uti\u010du na va\u0161 rejting. Ovo razumevanje vam mo\u017ee pomo\u0107i da donesete informisane finansijske odluke.<\/li>\n<\/ul>\n\n<h3 class=\"wp-block-heading\">Upravljanje novcem<\/h3>\n\n<ul class=\"wp-block-list\">\n<li><strong>Bud\u017eetiranje:<\/strong> Pratite svoje tro\u0161kove da biste razumjeli svoje obrasce potro\u0161nje i prilagodite svoj bud\u017eet u skladu s tim. Uzmite u obzir razlike u tro\u0161kovima \u017eivota i isplanirajte po\u010detne tro\u0161kove postavljanja kao \u0161to su depoziti za stanovanje i namje\u0161taj.<\/li>\n\n\n\n<li><strong>Porezi:<\/strong> Upoznajte se sa lokalnim poreskim sistemom, uklju\u010duju\u0107i stope poreza na dohodak, PDV i sve poreske olak\u0161ice na koje imate pravo, kao \u0161to su odbici za tro\u0161kove obrazovanja ili zdravstvene nege.<\/li>\n\n\n\n<li><strong>\u0160tednja i ulaganja:<\/strong> Istra\u017eite opcije za \u0161tednju i ulaganje u va\u0161oj novoj zemlji. Mnoge banke nude \u0161tedne ra\u010dune sa povoljnim kamatnim stopama ili investicione proizvode pogodne za strance.<\/li>\n<\/ul>\n\n<p>Postavljanje i upravljanje va\u0161im finansijama u novoj zemlji mo\u017ee biti zastra\u0161uju\u0107e, ali uz prave","protected":false},"excerpt":{"rendered":"<p>&#8220;`html Dobrodo\u0161li na ExpatEuropa.com Va\u0161 vodi\u010d kroz evropske zemlje kao iseljenika ExpatEuropa.com slu\u017ei kao va\u0161&#8230;<\/p>\n","protected":false},"author":2,"featured_media":0,"parent":0,"menu_order":0,"comment_status":"closed","ping_status":"closed","template":"","meta":{"footnotes":""},"class_list":["post-34522","page","type-page","status-publish","hentry"],"_links":{"self":[{"href":"https:\/\/expateuropa.com\/bs\/wp-json\/wp\/v2\/pages\/34522","targetHints":{"allow":["GET"]}}],"collection":[{"href":"https:\/\/expateuropa.com\/bs\/wp-json\/wp\/v2\/pages"}],"about":[{"href":"https:\/\/expateuropa.com\/bs\/wp-json\/wp\/v2\/types\/page"}],"author":[{"embeddable":true,"href":"https:\/\/expateuropa.com\/bs\/wp-json\/wp\/v2\/users\/2"}],"replies":[{"embeddable":true,"href":"https:\/\/expateuropa.com\/bs\/wp-json\/wp\/v2\/comments?post=34522"}],"version-history":[{"count":0,"href":"https:\/\/expateuropa.com\/bs\/wp-json\/wp\/v2\/pages\/34522\/revisions"}],"wp:attachment":[{"href":"https:\/\/expateuropa.com\/bs\/wp-json\/wp\/v2\/media?parent=34522"}],"curies":[{"name":"wp","href":"https:\/\/api.w.org\/{rel}","templated":true}]}}